{"id":587,"date":"2021-04-14T11:21:15","date_gmt":"2021-04-14T11:21:15","guid":{"rendered":"https:\/\/startersites.io\/blocksy\/homi\/?post_type=product&#038;p=587"},"modified":"2026-01-13T15:11:05","modified_gmt":"2026-01-13T14:11:05","slug":"simple-sofa","status":"publish","type":"product","link":"https:\/\/bloom-officiel.com\/?product=simple-sofa","title":{"rendered":"Collier"},"content":{"rendered":"<p>Collier au design moderne et \u00e9pur\u00e9, compos\u00e9 d\u2019une fine cha\u00eene dor\u00e9e et d\u2019un pendentif circulaire ajour\u00e9. Le m\u00e9daillon est d\u00e9licatement orn\u00e9 de petits cristaux brillants et de motifs grav\u00e9s, apportant une touche de luxe discret. Son style minimaliste en fait un bijou \u00e9l\u00e9gant et intemporel, facile \u00e0 porter au quotidien.<\/p>\n<p>\u2728 D\u00e9tails du produit :<\/p>\n<p>Mati\u00e8re : Acier inoxydable de haute qualit\u00e9<\/p>\n<p data-start=\"382\" data-end=\"402\">Couleur: dor\u00e9<\/p>\n<p data-start=\"382\" data-end=\"402\">Forme: pendentif rond ajour\u00e9 ,cristaux scintillants et gravures d\u00e9coratives<\/p>\n<p data-start=\"507\" data-end=\"545\">Style: chic, moderne et raffin\u00e9<\/p>\n<div id=\"product-1898\" class=\"product type-product post-1898 status-publish first instock product_cat-colliers has-post-thumbnail shipping-taxable purchasable product-type-simple ct-default-gallery ct-ajax-add-to-cart sticky-summary\">\n<div class=\"woocommerce-tabs wc-tabs-wrapper\" data-type=\"type-1:center\">\n<article>\n<div id=\"tab-description\" class=\"woocommerce-Tabs-panel woocommerce-Tabs-panel--description panel entry-content wc-tab is-layout-constrained\" role=\"tabpanel\" aria-labelledby=\"tab-title-description\">\n<p>Hypoallerg\u00e9nique \u2013 ne noircit pas<\/p>\n<\/div>\n<\/article>\n<\/div>\n<\/div>\n<p data-start=\"618\" data-end=\"694\" data-is-last-node=\"\" data-is-only-node=\"\">Un collier sophistiqu\u00e9 qui sublime votre style avec simplicit\u00e9 et \u00e9l\u00e9gance \u2728<\/p>\n","protected":false},"excerpt":{"rendered":"<p>Collier au design moderne et \u00e9pur\u00e9, compos\u00e9 d\u2019une fine cha\u00eene dor\u00e9e et d\u2019un pendentif circulaire ajour\u00e9. Le m\u00e9daillon est d\u00e9licatement orn\u00e9 de petits cristaux brillants et de motifs grav\u00e9s, apportant une touche de luxe discret. Son style minimaliste en fait un bijou \u00e9l\u00e9gant et intemporel, facile \u00e0 porter au quotidien. \u2728 D\u00e9tails du produit : [&hellip;]<\/p>\n","protected":false},"featured_media":1964,"comment_status":"open","ping_status":"closed","template":"","meta":[],"product_brand":[],"product_cat":[21],"product_tag":[],"class_list":{"0":"post-587","1":"product","2":"type-product","3":"status-publish","4":"has-post-thumbnail","6":"product_cat-colliers","8":"first","9":"instock","10":"shipping-taxable","11":"purchasable","12":"product-type-simple"},"_links":{"self":[{"href":"https:\/\/bloom-officiel.com\/index.php?rest_route=\/wp\/v2\/product\/587","targetHints":{"allow":["GET"]}}],"collection":[{"href":"https:\/\/bloom-officiel.com\/index.php?rest_route=\/wp\/v2\/product"}],"about":[{"href":"https:\/\/bloom-officiel.com\/index.php?rest_route=\/wp\/v2\/types\/product"}],"replies":[{"embeddable":true,"href":"https:\/\/bloom-officiel.com\/index.php?rest_route=%2Fwp%2Fv2%2Fcomments&post=587"}],"wp:featuredmedia":[{"embeddable":true,"href":"https:\/\/bloom-officiel.com\/index.php?rest_route=\/wp\/v2\/media\/1964"}],"wp:attachment":[{"href":"https:\/\/bloom-officiel.com\/index.php?rest_route=%2Fwp%2Fv2%2Fmedia&parent=587"}],"wp:term":[{"taxonomy":"product_brand","embeddable":true,"href":"https:\/\/bloom-officiel.com\/index.php?rest_route=%2Fwp%2Fv2%2Fproduct_brand&post=587"},{"taxonomy":"product_cat","embeddable":true,"href":"https:\/\/bloom-officiel.com\/index.php?rest_route=%2Fwp%2Fv2%2Fproduct_cat&post=587"},{"taxonomy":"product_tag","embeddable":true,"href":"https:\/\/bloom-officiel.com\/index.php?rest_route=%2Fwp%2Fv2%2Fproduct_tag&post=587"}],"curies":[{"name":"wp","href":"https:\/\/api.w.org\/{rel}","templated":true}]}}