{"id":577,"date":"2021-04-13T21:08:54","date_gmt":"2021-04-13T21:08:54","guid":{"rendered":"https:\/\/startersites.io\/blocksy\/homi\/?post_type=product&#038;p=577"},"modified":"2026-01-14T11:09:34","modified_gmt":"2026-01-14T10:09:34","slug":"wooden-table","status":"publish","type":"product","link":"https:\/\/bloom-officiel.com\/?product=wooden-table","title":{"rendered":"Bague"},"content":{"rendered":"<p>Bague en acier inoxydable \u2013 Finition dor\u00e9e<\/p>\n<p>Apportez une touche de caract\u00e8re et d\u2019\u00e9l\u00e9gance \u00e0 votre style avec cette bague au design moderne et textur\u00e9. Con\u00e7ue en acier inoxydable de haute qualit\u00e9, elle offre une excellente r\u00e9sistance \u00e0 l\u2019usure, \u00e0 l\u2019eau et au ternissement, tout en conservant son \u00e9clat au fil du temps.<\/p>\n<p>D\u00e9tails :<\/p>\n<p>Mati\u00e8re : Acier inoxydable<\/p>\n<p>Couleur : Dor\u00e9<\/p>\n<p>R\u00e9sistante \u00e0 l\u2019eau et \u00e0 l\u2019oxydation<\/p>\n<p>Hypoallerg\u00e9nique<\/p>\n<p>Style : Moderne &amp; \u00e9l\u00e9gant<\/p>\n<p>\u2728 Une bague intemporelle qui attire le regard et affirme votre personnalit\u00e9.<\/p>\n","protected":false},"excerpt":{"rendered":"<p>Bague en acier inoxydable \u2013 Finition dor\u00e9e Apportez une touche de caract\u00e8re et d\u2019\u00e9l\u00e9gance \u00e0 votre style avec cette bague au design moderne et textur\u00e9. Con\u00e7ue en acier inoxydable de haute qualit\u00e9, elle offre une excellente r\u00e9sistance \u00e0 l\u2019usure, \u00e0 l\u2019eau et au ternissement, tout en conservant son \u00e9clat au fil du temps. D\u00e9tails : [&hellip;]<\/p>\n","protected":false},"featured_media":1602,"comment_status":"open","ping_status":"closed","template":"","meta":[],"product_brand":[],"product_cat":[22],"product_tag":[],"class_list":{"0":"post-577","1":"product","2":"type-product","3":"status-publish","4":"has-post-thumbnail","6":"product_cat-bagues","8":"first","9":"instock","10":"sale","11":"shipping-taxable","12":"purchasable","13":"product-type-simple"},"_links":{"self":[{"href":"https:\/\/bloom-officiel.com\/index.php?rest_route=\/wp\/v2\/product\/577","targetHints":{"allow":["GET"]}}],"collection":[{"href":"https:\/\/bloom-officiel.com\/index.php?rest_route=\/wp\/v2\/product"}],"about":[{"href":"https:\/\/bloom-officiel.com\/index.php?rest_route=\/wp\/v2\/types\/product"}],"replies":[{"embeddable":true,"href":"https:\/\/bloom-officiel.com\/index.php?rest_route=%2Fwp%2Fv2%2Fcomments&post=577"}],"wp:featuredmedia":[{"embeddable":true,"href":"https:\/\/bloom-officiel.com\/index.php?rest_route=\/wp\/v2\/media\/1602"}],"wp:attachment":[{"href":"https:\/\/bloom-officiel.com\/index.php?rest_route=%2Fwp%2Fv2%2Fmedia&parent=577"}],"wp:term":[{"taxonomy":"product_brand","embeddable":true,"href":"https:\/\/bloom-officiel.com\/index.php?rest_route=%2Fwp%2Fv2%2Fproduct_brand&post=577"},{"taxonomy":"product_cat","embeddable":true,"href":"https:\/\/bloom-officiel.com\/index.php?rest_route=%2Fwp%2Fv2%2Fproduct_cat&post=577"},{"taxonomy":"product_tag","embeddable":true,"href":"https:\/\/bloom-officiel.com\/index.php?rest_route=%2Fwp%2Fv2%2Fproduct_tag&post=577"}],"curies":[{"name":"wp","href":"https:\/\/api.w.org\/{rel}","templated":true}]}}