{"id":287,"date":"2021-04-12T16:45:34","date_gmt":"2021-04-12T16:45:34","guid":{"rendered":"https:\/\/startersites.io\/blocksy\/homi\/?post_type=product&#038;p=287"},"modified":"2026-01-12T14:42:43","modified_gmt":"2026-01-12T13:42:43","slug":"office-chair","status":"publish","type":"product","link":"https:\/\/bloom-officiel.com\/?product=office-chair","title":{"rendered":"Boucles nou\u00e9es"},"content":{"rendered":"<p data-path-to-node=\"9,0\">Boucles d&rsquo;oreilles\u00a0 en Acier Inoxydable Dor\u00e9<\/p>\n<ul data-path-to-node=\"9,1\">\n<li>\n<p data-path-to-node=\"9,1,0,0\">Mati\u00e8re : Acier inoxydable\u00a0 (haute qualit\u00e9).<\/p>\n<\/li>\n<li>\n<p data-path-to-node=\"9,1,1,0\">Finition : Dor\u00e9 brillant (Placage longue dur\u00e9e).<\/p>\n<\/li>\n<li>\n<p data-path-to-node=\"9,1,2,0\">Design : Anneaux entrelac\u00e9s.<\/p>\n<\/li>\n<li>\n<p data-path-to-node=\"9,1,3,0\">Avantages : R\u00e9siste \u00e0 l&rsquo;eau, ne noircit pas.<\/p>\n<\/li>\n<\/ul>\n","protected":false},"excerpt":{"rendered":"<p>Boucles d&rsquo;oreilles\u00a0 en Acier Inoxydable Dor\u00e9 Mati\u00e8re : Acier inoxydable\u00a0 (haute qualit\u00e9). Finition : Dor\u00e9 brillant (Placage longue dur\u00e9e). Design : Anneaux entrelac\u00e9s. Avantages : R\u00e9siste \u00e0 l&rsquo;eau, ne noircit pas.<\/p>\n","protected":false},"featured_media":1613,"comment_status":"open","ping_status":"closed","template":"","meta":[],"product_brand":[],"product_cat":[20],"product_tag":[],"class_list":{"0":"post-287","1":"product","2":"type-product","3":"status-publish","4":"has-post-thumbnail","6":"product_cat-boucles","8":"first","9":"instock","10":"shipping-taxable","11":"purchasable","12":"product-type-simple"},"_links":{"self":[{"href":"https:\/\/bloom-officiel.com\/index.php?rest_route=\/wp\/v2\/product\/287","targetHints":{"allow":["GET"]}}],"collection":[{"href":"https:\/\/bloom-officiel.com\/index.php?rest_route=\/wp\/v2\/product"}],"about":[{"href":"https:\/\/bloom-officiel.com\/index.php?rest_route=\/wp\/v2\/types\/product"}],"replies":[{"embeddable":true,"href":"https:\/\/bloom-officiel.com\/index.php?rest_route=%2Fwp%2Fv2%2Fcomments&post=287"}],"wp:featuredmedia":[{"embeddable":true,"href":"https:\/\/bloom-officiel.com\/index.php?rest_route=\/wp\/v2\/media\/1613"}],"wp:attachment":[{"href":"https:\/\/bloom-officiel.com\/index.php?rest_route=%2Fwp%2Fv2%2Fmedia&parent=287"}],"wp:term":[{"taxonomy":"product_brand","embeddable":true,"href":"https:\/\/bloom-officiel.com\/index.php?rest_route=%2Fwp%2Fv2%2Fproduct_brand&post=287"},{"taxonomy":"product_cat","embeddable":true,"href":"https:\/\/bloom-officiel.com\/index.php?rest_route=%2Fwp%2Fv2%2Fproduct_cat&post=287"},{"taxonomy":"product_tag","embeddable":true,"href":"https:\/\/bloom-officiel.com\/index.php?rest_route=%2Fwp%2Fv2%2Fproduct_tag&post=287"}],"curies":[{"name":"wp","href":"https:\/\/api.w.org\/{rel}","templated":true}]}}