{"id":283,"date":"2021-04-12T16:42:18","date_gmt":"2021-04-12T16:42:18","guid":{"rendered":"https:\/\/startersites.io\/blocksy\/homi\/?post_type=product&#038;p=283"},"modified":"2026-01-13T15:15:05","modified_gmt":"2026-01-13T14:15:05","slug":"sweet-chair","status":"publish","type":"product","link":"https:\/\/bloom-officiel.com\/?product=sweet-chair","title":{"rendered":"collier \u00ab\u00a0\u062d\u0628\u00a0\u00bb"},"content":{"rendered":"<p>Collier \u00ab\u00a0\u062d\u0628\u00a0\u00bb<br \/>\nCe collier d\u00e9licatement dessin\u00e9 en calligraphie \u00e9l\u00e9gante et sublim\u00e9 par des pierres scintillantes. Un bijou \u00e0 la fois symbolique et intemporel, parfait pour exprimer les sentiments les plus pr\u00e9cieux.<\/p>\n<p>D\u00e9tails du produit :<\/p>\n<p>Mati\u00e8re : Acier inoxydable<br \/>\nMotif : Calligraphie arabe \u00ab \u062d\u0628 \u00bb (Amour)<br \/>\nCouleur : Argent\u00e9<br \/>\nFinition : Eclat lumineux<br \/>\nCha\u00eene : Fine et d\u00e9licate, confortable \u00e0 porter<br \/>\nStyle : \u00c9l\u00e9gant, moderne et symbolique<br \/>\nR\u00e9sistance : Ne noircit pas, r\u00e9sistant \u00e0 l\u2019eau et \u00e0 l\u2019usure quotidienne<br \/>\n\u2728 Id\u00e9al \u00e0 offrir ou \u00e0 porter au quotidien pour une touche d\u2019\u00e9l\u00e9gance discr\u00e8te et pleine de sens.<\/p>\n","protected":false},"excerpt":{"rendered":"<p>Collier \u00ab\u00a0\u062d\u0628\u00a0\u00bb Ce collier d\u00e9licatement dessin\u00e9 en calligraphie \u00e9l\u00e9gante et sublim\u00e9 par des pierres scintillantes. Un bijou \u00e0 la fois symbolique et intemporel, parfait pour exprimer les sentiments les plus pr\u00e9cieux. D\u00e9tails du produit : Mati\u00e8re : Acier inoxydable Motif : Calligraphie arabe \u00ab \u062d\u0628 \u00bb (Amour) Couleur : Argent\u00e9 Finition : Eclat lumineux Cha\u00eene [&hellip;]<\/p>\n","protected":false},"featured_media":1963,"comment_status":"open","ping_status":"closed","template":"","meta":[],"product_brand":[],"product_cat":[21],"product_tag":[],"class_list":{"0":"post-283","1":"product","2":"type-product","3":"status-publish","4":"has-post-thumbnail","6":"product_cat-colliers","8":"first","9":"instock","10":"shipping-taxable","11":"purchasable","12":"product-type-simple"},"_links":{"self":[{"href":"https:\/\/bloom-officiel.com\/index.php?rest_route=\/wp\/v2\/product\/283","targetHints":{"allow":["GET"]}}],"collection":[{"href":"https:\/\/bloom-officiel.com\/index.php?rest_route=\/wp\/v2\/product"}],"about":[{"href":"https:\/\/bloom-officiel.com\/index.php?rest_route=\/wp\/v2\/types\/product"}],"replies":[{"embeddable":true,"href":"https:\/\/bloom-officiel.com\/index.php?rest_route=%2Fwp%2Fv2%2Fcomments&post=283"}],"wp:featuredmedia":[{"embeddable":true,"href":"https:\/\/bloom-officiel.com\/index.php?rest_route=\/wp\/v2\/media\/1963"}],"wp:attachment":[{"href":"https:\/\/bloom-officiel.com\/index.php?rest_route=%2Fwp%2Fv2%2Fmedia&parent=283"}],"wp:term":[{"taxonomy":"product_brand","embeddable":true,"href":"https:\/\/bloom-officiel.com\/index.php?rest_route=%2Fwp%2Fv2%2Fproduct_brand&post=283"},{"taxonomy":"product_cat","embeddable":true,"href":"https:\/\/bloom-officiel.com\/index.php?rest_route=%2Fwp%2Fv2%2Fproduct_cat&post=283"},{"taxonomy":"product_tag","embeddable":true,"href":"https:\/\/bloom-officiel.com\/index.php?rest_route=%2Fwp%2Fv2%2Fproduct_tag&post=283"}],"curies":[{"name":"wp","href":"https:\/\/api.w.org\/{rel}","templated":true}]}}