{"id":2156,"date":"2026-01-14T11:33:52","date_gmt":"2026-01-14T10:33:52","guid":{"rendered":"https:\/\/bloom-officiel.com\/?post_type=product&#038;p=2156"},"modified":"2026-01-14T11:34:47","modified_gmt":"2026-01-14T10:34:47","slug":"bague-13","status":"publish","type":"product","link":"https:\/\/bloom-officiel.com\/?product=bague-13","title":{"rendered":"Bague"},"content":{"rendered":"<p>Bague \u00e9l\u00e9gante en acier inoxydable, reconnue pour sa grande r\u00e9sistance \u00e0 l\u2019usure et sa durabilit\u00e9 dans le temps. Son design floral raffin\u00e9 apporte une touche de f\u00e9minit\u00e9 et de sophistication, id\u00e9al pour un style chic ou quotidien. Finition soign\u00e9e, couleur \u00e9clatante et confort optimal pour sublimer toutes vos tenues.<\/p>\n","protected":false},"excerpt":{"rendered":"<p>Bague \u00e9l\u00e9gante en acier inoxydable, reconnue pour sa grande r\u00e9sistance \u00e0 l\u2019usure et sa durabilit\u00e9 dans le temps. Son design floral raffin\u00e9 apporte une touche de f\u00e9minit\u00e9 et de sophistication, id\u00e9al pour un style chic ou quotidien. Finition soign\u00e9e, couleur \u00e9clatante et confort optimal pour sublimer toutes vos tenues.<\/p>\n","protected":false},"featured_media":2157,"comment_status":"open","ping_status":"closed","template":"","meta":[],"product_brand":[],"product_cat":[22],"product_tag":[],"class_list":{"0":"post-2156","1":"product","2":"type-product","3":"status-publish","4":"has-post-thumbnail","6":"product_cat-bagues","8":"first","9":"instock","10":"shipping-taxable","11":"purchasable","12":"product-type-simple"},"_links":{"self":[{"href":"https:\/\/bloom-officiel.com\/index.php?rest_route=\/wp\/v2\/product\/2156","targetHints":{"allow":["GET"]}}],"collection":[{"href":"https:\/\/bloom-officiel.com\/index.php?rest_route=\/wp\/v2\/product"}],"about":[{"href":"https:\/\/bloom-officiel.com\/index.php?rest_route=\/wp\/v2\/types\/product"}],"replies":[{"embeddable":true,"href":"https:\/\/bloom-officiel.com\/index.php?rest_route=%2Fwp%2Fv2%2Fcomments&post=2156"}],"wp:featuredmedia":[{"embeddable":true,"href":"https:\/\/bloom-officiel.com\/index.php?rest_route=\/wp\/v2\/media\/2157"}],"wp:attachment":[{"href":"https:\/\/bloom-officiel.com\/index.php?rest_route=%2Fwp%2Fv2%2Fmedia&parent=2156"}],"wp:term":[{"taxonomy":"product_brand","embeddable":true,"href":"https:\/\/bloom-officiel.com\/index.php?rest_route=%2Fwp%2Fv2%2Fproduct_brand&post=2156"},{"taxonomy":"product_cat","embeddable":true,"href":"https:\/\/bloom-officiel.com\/index.php?rest_route=%2Fwp%2Fv2%2Fproduct_cat&post=2156"},{"taxonomy":"product_tag","embeddable":true,"href":"https:\/\/bloom-officiel.com\/index.php?rest_route=%2Fwp%2Fv2%2Fproduct_tag&post=2156"}],"curies":[{"name":"wp","href":"https:\/\/api.w.org\/{rel}","templated":true}]}}