{"id":2030,"date":"2026-01-09T08:45:50","date_gmt":"2026-01-09T07:45:50","guid":{"rendered":"https:\/\/bloom-officiel.com\/?post_type=product&#038;p=2030"},"modified":"2026-01-13T10:40:26","modified_gmt":"2026-01-13T09:40:26","slug":"bracelet-11","status":"publish","type":"product","link":"https:\/\/bloom-officiel.com\/?product=bracelet-11","title":{"rendered":"Bracelet"},"content":{"rendered":"<p data-start=\"32\" data-end=\"367\">Bracelet \u00e9l\u00e9gant au design inspir\u00e9 du bambou, compos\u00e9 de maillons lisses et arrondis.<br data-start=\"121\" data-end=\"124\" \/>Mati\u00e8re : acier inoxydable finition dor\u00e9e<br data-start=\"169\" data-end=\"172\" \/>Style : chic, moderne et intemporel<br data-start=\"211\" data-end=\"214\" \/>Couleur : or brillant<br data-start=\"239\" data-end=\"242\" \/>Finition : polie, effet miroir<br data-start=\"276\" data-end=\"279\" \/>D\u00e9tails : confortable \u00e0 porter, r\u00e9sistant \u00e0 l\u2019oxydation<\/p>\n<p data-start=\"369\" data-end=\"451\" data-is-last-node=\"\" data-is-only-node=\"\">Parfait pour apporter une touche sophistiqu\u00e9e \u00e0 une tenue quotidienne ou habill\u00e9e.<\/p>\n","protected":false},"excerpt":{"rendered":"<p>Bracelet \u00e9l\u00e9gant au design inspir\u00e9 du bambou, compos\u00e9 de maillons lisses et arrondis.Mati\u00e8re : acier inoxydable finition dor\u00e9eStyle : chic, moderne et intemporelCouleur : or brillantFinition : polie, effet miroirD\u00e9tails : confortable \u00e0 porter, r\u00e9sistant \u00e0 l\u2019oxydation Parfait pour apporter une touche sophistiqu\u00e9e \u00e0 une tenue quotidienne ou habill\u00e9e.<\/p>\n","protected":false},"featured_media":2029,"comment_status":"open","ping_status":"closed","template":"","meta":[],"product_brand":[],"product_cat":[25],"product_tag":[],"class_list":{"0":"post-2030","1":"product","2":"type-product","3":"status-publish","4":"has-post-thumbnail","6":"product_cat-bracelets","8":"first","9":"instock","10":"shipping-taxable","11":"purchasable","12":"product-type-simple"},"_links":{"self":[{"href":"https:\/\/bloom-officiel.com\/index.php?rest_route=\/wp\/v2\/product\/2030","targetHints":{"allow":["GET"]}}],"collection":[{"href":"https:\/\/bloom-officiel.com\/index.php?rest_route=\/wp\/v2\/product"}],"about":[{"href":"https:\/\/bloom-officiel.com\/index.php?rest_route=\/wp\/v2\/types\/product"}],"replies":[{"embeddable":true,"href":"https:\/\/bloom-officiel.com\/index.php?rest_route=%2Fwp%2Fv2%2Fcomments&post=2030"}],"wp:featuredmedia":[{"embeddable":true,"href":"https:\/\/bloom-officiel.com\/index.php?rest_route=\/wp\/v2\/media\/2029"}],"wp:attachment":[{"href":"https:\/\/bloom-officiel.com\/index.php?rest_route=%2Fwp%2Fv2%2Fmedia&parent=2030"}],"wp:term":[{"taxonomy":"product_brand","embeddable":true,"href":"https:\/\/bloom-officiel.com\/index.php?rest_route=%2Fwp%2Fv2%2Fproduct_brand&post=2030"},{"taxonomy":"product_cat","embeddable":true,"href":"https:\/\/bloom-officiel.com\/index.php?rest_route=%2Fwp%2Fv2%2Fproduct_cat&post=2030"},{"taxonomy":"product_tag","embeddable":true,"href":"https:\/\/bloom-officiel.com\/index.php?rest_route=%2Fwp%2Fv2%2Fproduct_tag&post=2030"}],"curies":[{"name":"wp","href":"https:\/\/api.w.org\/{rel}","templated":true}]}}