{"id":2025,"date":"2026-01-08T14:46:47","date_gmt":"2026-01-08T13:46:47","guid":{"rendered":"https:\/\/bloom-officiel.com\/?post_type=product&#038;p=2025"},"modified":"2026-01-14T09:58:27","modified_gmt":"2026-01-14T08:58:27","slug":"parure-2","status":"publish","type":"product","link":"https:\/\/bloom-officiel.com\/?product=parure-2","title":{"rendered":"Parure"},"content":{"rendered":"<p>Parure \u00e9l\u00e9gante compos\u00e9e d\u2019un collier et d\u2019un bracelet assortis, r\u00e9alis\u00e9s en acier inoxydable dor\u00e9 \u00e0 la finition brillante. Son style maille cubaine apporte une touche moderne et luxueuse, avec des maillons \u00e9pais et parfaitement polis qui refl\u00e8tent la lumi\u00e8re avec raffinement.<br data-start=\"316\" data-end=\"319\" \/>R\u00e9sistante, intemporelle et facile \u00e0 porter au quotidien comme en soir\u00e9e, cette parure incarne l\u2019\u00e9l\u00e9gance contemporaine et le caract\u00e8re.<\/p>\n","protected":false},"excerpt":{"rendered":"<p>Parure \u00e9l\u00e9gante compos\u00e9e d\u2019un collier et d\u2019un bracelet assortis, r\u00e9alis\u00e9s en acier inoxydable dor\u00e9 \u00e0 la finition brillante. Son style maille cubaine apporte une touche moderne et luxueuse, avec des maillons \u00e9pais et parfaitement polis qui refl\u00e8tent la lumi\u00e8re avec raffinement.R\u00e9sistante, intemporelle et facile \u00e0 porter au quotidien comme en soir\u00e9e, cette parure incarne l\u2019\u00e9l\u00e9gance [&hellip;]<\/p>\n","protected":false},"featured_media":2026,"comment_status":"open","ping_status":"closed","template":"","meta":[],"product_brand":[],"product_cat":[23,27],"product_tag":[],"class_list":{"0":"post-2025","1":"product","2":"type-product","3":"status-publish","4":"has-post-thumbnail","6":"product_cat-uncategorized","7":"product_cat-parures","9":"first","10":"instock","11":"shipping-taxable","12":"product-type-simple"},"_links":{"self":[{"href":"https:\/\/bloom-officiel.com\/index.php?rest_route=\/wp\/v2\/product\/2025","targetHints":{"allow":["GET"]}}],"collection":[{"href":"https:\/\/bloom-officiel.com\/index.php?rest_route=\/wp\/v2\/product"}],"about":[{"href":"https:\/\/bloom-officiel.com\/index.php?rest_route=\/wp\/v2\/types\/product"}],"replies":[{"embeddable":true,"href":"https:\/\/bloom-officiel.com\/index.php?rest_route=%2Fwp%2Fv2%2Fcomments&post=2025"}],"wp:featuredmedia":[{"embeddable":true,"href":"https:\/\/bloom-officiel.com\/index.php?rest_route=\/wp\/v2\/media\/2026"}],"wp:attachment":[{"href":"https:\/\/bloom-officiel.com\/index.php?rest_route=%2Fwp%2Fv2%2Fmedia&parent=2025"}],"wp:term":[{"taxonomy":"product_brand","embeddable":true,"href":"https:\/\/bloom-officiel.com\/index.php?rest_route=%2Fwp%2Fv2%2Fproduct_brand&post=2025"},{"taxonomy":"product_cat","embeddable":true,"href":"https:\/\/bloom-officiel.com\/index.php?rest_route=%2Fwp%2Fv2%2Fproduct_cat&post=2025"},{"taxonomy":"product_tag","embeddable":true,"href":"https:\/\/bloom-officiel.com\/index.php?rest_route=%2Fwp%2Fv2%2Fproduct_tag&post=2025"}],"curies":[{"name":"wp","href":"https:\/\/api.w.org\/{rel}","templated":true}]}}