{"id":2022,"date":"2026-01-08T09:41:09","date_gmt":"2026-01-08T08:41:09","guid":{"rendered":"https:\/\/bloom-officiel.com\/?post_type=product&#038;p=2022"},"modified":"2026-01-13T10:52:05","modified_gmt":"2026-01-13T09:52:05","slug":"parure-tresse","status":"publish","type":"product","link":"https:\/\/bloom-officiel.com\/?product=parure-tresse","title":{"rendered":"Parure tresse"},"content":{"rendered":"<p>Parure au style \u00e9l\u00e9gant et intemporel, compos\u00e9e d\u2019un collier et d\u2019un bracelet \u00e0 maille corde torsad\u00e9e. R\u00e9alis\u00e9e en acier inoxydable avec une finition dor\u00e9e brillante, elle offre une excellente r\u00e9sistance et un \u00e9clat durable. Un design raffin\u00e9, facile \u00e0 porter au quotidien comme pour des occasions plus habill\u00e9es.<\/p>\n","protected":false},"excerpt":{"rendered":"<p>Parure au style \u00e9l\u00e9gant et intemporel, compos\u00e9e d\u2019un collier et d\u2019un bracelet \u00e0 maille corde torsad\u00e9e. R\u00e9alis\u00e9e en acier inoxydable avec une finition dor\u00e9e brillante, elle offre une excellente r\u00e9sistance et un \u00e9clat durable. Un design raffin\u00e9, facile \u00e0 porter au quotidien comme pour des occasions plus habill\u00e9es.<\/p>\n","protected":false},"featured_media":2027,"comment_status":"open","ping_status":"closed","template":"","meta":[],"product_brand":[],"product_cat":[23,27],"product_tag":[],"class_list":{"0":"post-2022","1":"product","2":"type-product","3":"status-publish","4":"has-post-thumbnail","6":"product_cat-uncategorized","7":"product_cat-parures","9":"first","10":"instock","11":"shipping-taxable","12":"product-type-simple"},"_links":{"self":[{"href":"https:\/\/bloom-officiel.com\/index.php?rest_route=\/wp\/v2\/product\/2022","targetHints":{"allow":["GET"]}}],"collection":[{"href":"https:\/\/bloom-officiel.com\/index.php?rest_route=\/wp\/v2\/product"}],"about":[{"href":"https:\/\/bloom-officiel.com\/index.php?rest_route=\/wp\/v2\/types\/product"}],"replies":[{"embeddable":true,"href":"https:\/\/bloom-officiel.com\/index.php?rest_route=%2Fwp%2Fv2%2Fcomments&post=2022"}],"wp:featuredmedia":[{"embeddable":true,"href":"https:\/\/bloom-officiel.com\/index.php?rest_route=\/wp\/v2\/media\/2027"}],"wp:attachment":[{"href":"https:\/\/bloom-officiel.com\/index.php?rest_route=%2Fwp%2Fv2%2Fmedia&parent=2022"}],"wp:term":[{"taxonomy":"product_brand","embeddable":true,"href":"https:\/\/bloom-officiel.com\/index.php?rest_route=%2Fwp%2Fv2%2Fproduct_brand&post=2022"},{"taxonomy":"product_cat","embeddable":true,"href":"https:\/\/bloom-officiel.com\/index.php?rest_route=%2Fwp%2Fv2%2Fproduct_cat&post=2022"},{"taxonomy":"product_tag","embeddable":true,"href":"https:\/\/bloom-officiel.com\/index.php?rest_route=%2Fwp%2Fv2%2Fproduct_tag&post=2022"}],"curies":[{"name":"wp","href":"https:\/\/api.w.org\/{rel}","templated":true}]}}