{"id":2020,"date":"2026-01-08T09:24:02","date_gmt":"2026-01-08T08:24:02","guid":{"rendered":"https:\/\/bloom-officiel.com\/?post_type=product&#038;p=2020"},"modified":"2026-01-12T12:09:25","modified_gmt":"2026-01-12T11:09:25","slug":"parure","status":"publish","type":"product","link":"https:\/\/bloom-officiel.com\/?product=parure","title":{"rendered":"Parure"},"content":{"rendered":"<p>Parure au style chic et contemporain, compos\u00e9e d\u2019une cha\u00eene \u00e0 maillons g\u00e9om\u00e9triques et de d\u00e9tails scintillants. Con\u00e7ue en acier inoxydable, elle se distingue par sa finition dor\u00e9e brillante, r\u00e9sistante et durable. Un bijou \u00e9l\u00e9gant, parfait pour apporter une touche raffin\u00e9e \u00e0 toutes les tenues.<\/p>\n","protected":false},"excerpt":{"rendered":"<p>Parure au style chic et contemporain, compos\u00e9e d\u2019une cha\u00eene \u00e0 maillons g\u00e9om\u00e9triques et de d\u00e9tails scintillants. Con\u00e7ue en acier inoxydable, elle se distingue par sa finition dor\u00e9e brillante, r\u00e9sistante et durable. Un bijou \u00e9l\u00e9gant, parfait pour apporter une touche raffin\u00e9e \u00e0 toutes les tenues.<\/p>\n","protected":false},"featured_media":2021,"comment_status":"open","ping_status":"closed","template":"","meta":[],"product_brand":[],"product_cat":[23,27],"product_tag":[],"class_list":{"0":"post-2020","1":"product","2":"type-product","3":"status-publish","4":"has-post-thumbnail","6":"product_cat-uncategorized","7":"product_cat-parures","9":"first","10":"instock","11":"shipping-taxable","12":"purchasable","13":"product-type-simple"},"_links":{"self":[{"href":"https:\/\/bloom-officiel.com\/index.php?rest_route=\/wp\/v2\/product\/2020","targetHints":{"allow":["GET"]}}],"collection":[{"href":"https:\/\/bloom-officiel.com\/index.php?rest_route=\/wp\/v2\/product"}],"about":[{"href":"https:\/\/bloom-officiel.com\/index.php?rest_route=\/wp\/v2\/types\/product"}],"replies":[{"embeddable":true,"href":"https:\/\/bloom-officiel.com\/index.php?rest_route=%2Fwp%2Fv2%2Fcomments&post=2020"}],"wp:featuredmedia":[{"embeddable":true,"href":"https:\/\/bloom-officiel.com\/index.php?rest_route=\/wp\/v2\/media\/2021"}],"wp:attachment":[{"href":"https:\/\/bloom-officiel.com\/index.php?rest_route=%2Fwp%2Fv2%2Fmedia&parent=2020"}],"wp:term":[{"taxonomy":"product_brand","embeddable":true,"href":"https:\/\/bloom-officiel.com\/index.php?rest_route=%2Fwp%2Fv2%2Fproduct_brand&post=2020"},{"taxonomy":"product_cat","embeddable":true,"href":"https:\/\/bloom-officiel.com\/index.php?rest_route=%2Fwp%2Fv2%2Fproduct_cat&post=2020"},{"taxonomy":"product_tag","embeddable":true,"href":"https:\/\/bloom-officiel.com\/index.php?rest_route=%2Fwp%2Fv2%2Fproduct_tag&post=2020"}],"curies":[{"name":"wp","href":"https:\/\/api.w.org\/{rel}","templated":true}]}}