{"id":2012,"date":"2026-01-06T11:01:06","date_gmt":"2026-01-06T10:01:06","guid":{"rendered":"https:\/\/bloom-officiel.com\/?post_type=product&#038;p=2012"},"modified":"2026-01-14T10:52:35","modified_gmt":"2026-01-14T09:52:35","slug":"manchette-3","status":"publish","type":"product","link":"https:\/\/bloom-officiel.com\/?product=manchette-3","title":{"rendered":"Manchette"},"content":{"rendered":"<p data-path-to-node=\"3\">Sublimez votre poignet avec cette manchette.<\/p>\n<p data-path-to-node=\"3\">D\u00e9tails du produit :<\/p>\n<ul data-path-to-node=\"6\">\n<li>\n<p data-path-to-node=\"6,0,0\">Mati\u00e8re : Acier inoxydable de haute qualit\u00e9<\/p>\n<\/li>\n<li>\n<p data-path-to-node=\"6,1,0\">Couleur : Dor\u00e9 \u00e9clatant.<\/p>\n<\/li>\n<li>\n<p data-path-to-node=\"6,3,0\">Style : Chic, quotidien.<\/p>\n<\/li>\n<\/ul>\n","protected":false},"excerpt":{"rendered":"<p>Sublimez votre poignet avec cette manchette. D\u00e9tails du produit : Mati\u00e8re : Acier inoxydable de haute qualit\u00e9 Couleur : Dor\u00e9 \u00e9clatant. Style : Chic, quotidien.<\/p>\n","protected":false},"featured_media":2007,"comment_status":"open","ping_status":"closed","template":"","meta":[],"product_brand":[],"product_cat":[26],"product_tag":[],"class_list":{"0":"post-2012","1":"product","2":"type-product","3":"status-publish","4":"has-post-thumbnail","6":"product_cat-gourmettes","8":"first","9":"instock","10":"shipping-taxable","11":"purchasable","12":"product-type-simple"},"_links":{"self":[{"href":"https:\/\/bloom-officiel.com\/index.php?rest_route=\/wp\/v2\/product\/2012","targetHints":{"allow":["GET"]}}],"collection":[{"href":"https:\/\/bloom-officiel.com\/index.php?rest_route=\/wp\/v2\/product"}],"about":[{"href":"https:\/\/bloom-officiel.com\/index.php?rest_route=\/wp\/v2\/types\/product"}],"replies":[{"embeddable":true,"href":"https:\/\/bloom-officiel.com\/index.php?rest_route=%2Fwp%2Fv2%2Fcomments&post=2012"}],"wp:featuredmedia":[{"embeddable":true,"href":"https:\/\/bloom-officiel.com\/index.php?rest_route=\/wp\/v2\/media\/2007"}],"wp:attachment":[{"href":"https:\/\/bloom-officiel.com\/index.php?rest_route=%2Fwp%2Fv2%2Fmedia&parent=2012"}],"wp:term":[{"taxonomy":"product_brand","embeddable":true,"href":"https:\/\/bloom-officiel.com\/index.php?rest_route=%2Fwp%2Fv2%2Fproduct_brand&post=2012"},{"taxonomy":"product_cat","embeddable":true,"href":"https:\/\/bloom-officiel.com\/index.php?rest_route=%2Fwp%2Fv2%2Fproduct_cat&post=2012"},{"taxonomy":"product_tag","embeddable":true,"href":"https:\/\/bloom-officiel.com\/index.php?rest_route=%2Fwp%2Fv2%2Fproduct_tag&post=2012"}],"curies":[{"name":"wp","href":"https:\/\/api.w.org\/{rel}","templated":true}]}}