{"id":2008,"date":"2026-01-06T10:57:33","date_gmt":"2026-01-06T09:57:33","guid":{"rendered":"https:\/\/bloom-officiel.com\/?post_type=product&#038;p=2008"},"modified":"2026-01-13T11:26:57","modified_gmt":"2026-01-13T10:26:57","slug":"manchette","status":"publish","type":"product","link":"https:\/\/bloom-officiel.com\/?product=manchette","title":{"rendered":"Manchette"},"content":{"rendered":"<p data-path-to-node=\"3\">Sublimez votre poignet avec\u00a0 cette cr\u00e9ation couture o\u00f9 l\u2019\u00e9l\u00e9gance dor\u00e9e rencontre l\u2019inspiration de la nature<\/p>\n<p data-path-to-node=\"3\">D\u00e9tails du produit :<\/p>\n<ul data-path-to-node=\"6\">\n<li>\n<p data-path-to-node=\"6,0,0\">Mati\u00e8re : Acier inoxydable de haute qualit\u00e9 (robuste et inalt\u00e9rable).<\/p>\n<\/li>\n<li>\n<p data-path-to-node=\"6,1,0\">Couleur : Dor\u00e9 \u00e9clatant.<\/p>\n<\/li>\n<li>\n<p data-path-to-node=\"6,3,0\">Style : Chic, quotidien.<\/p>\n<\/li>\n<li data-start=\"237\" data-end=\"371\">\n<p data-start=\"239\" data-end=\"371\">Design : Feuilles finement sculpt\u00e9es aux courbes a\u00e9riennes, travaill\u00e9es avec pr\u00e9cision pour un rendu artistique et sophistiqu\u00e9<\/p>\n<\/li>\n<\/ul>\n","protected":false},"excerpt":{"rendered":"<p>Sublimez votre poignet avec\u00a0 cette cr\u00e9ation couture o\u00f9 l\u2019\u00e9l\u00e9gance dor\u00e9e rencontre l\u2019inspiration de la nature D\u00e9tails du produit : Mati\u00e8re : Acier inoxydable de haute qualit\u00e9 (robuste et inalt\u00e9rable). Couleur : Dor\u00e9 \u00e9clatant. Style : Chic, quotidien. Design : Feuilles finement sculpt\u00e9es aux courbes a\u00e9riennes, travaill\u00e9es avec pr\u00e9cision pour un rendu artistique et sophistiqu\u00e9<\/p>\n","protected":false},"featured_media":2010,"comment_status":"open","ping_status":"closed","template":"","meta":[],"product_brand":[],"product_cat":[26],"product_tag":[],"class_list":{"0":"post-2008","1":"product","2":"type-product","3":"status-publish","4":"has-post-thumbnail","6":"product_cat-gourmettes","8":"first","9":"instock","10":"shipping-taxable","11":"purchasable","12":"product-type-simple"},"_links":{"self":[{"href":"https:\/\/bloom-officiel.com\/index.php?rest_route=\/wp\/v2\/product\/2008","targetHints":{"allow":["GET"]}}],"collection":[{"href":"https:\/\/bloom-officiel.com\/index.php?rest_route=\/wp\/v2\/product"}],"about":[{"href":"https:\/\/bloom-officiel.com\/index.php?rest_route=\/wp\/v2\/types\/product"}],"replies":[{"embeddable":true,"href":"https:\/\/bloom-officiel.com\/index.php?rest_route=%2Fwp%2Fv2%2Fcomments&post=2008"}],"wp:featuredmedia":[{"embeddable":true,"href":"https:\/\/bloom-officiel.com\/index.php?rest_route=\/wp\/v2\/media\/2010"}],"wp:attachment":[{"href":"https:\/\/bloom-officiel.com\/index.php?rest_route=%2Fwp%2Fv2%2Fmedia&parent=2008"}],"wp:term":[{"taxonomy":"product_brand","embeddable":true,"href":"https:\/\/bloom-officiel.com\/index.php?rest_route=%2Fwp%2Fv2%2Fproduct_brand&post=2008"},{"taxonomy":"product_cat","embeddable":true,"href":"https:\/\/bloom-officiel.com\/index.php?rest_route=%2Fwp%2Fv2%2Fproduct_cat&post=2008"},{"taxonomy":"product_tag","embeddable":true,"href":"https:\/\/bloom-officiel.com\/index.php?rest_route=%2Fwp%2Fv2%2Fproduct_tag&post=2008"}],"curies":[{"name":"wp","href":"https:\/\/api.w.org\/{rel}","templated":true}]}}