{"id":1999,"date":"2026-01-05T15:37:08","date_gmt":"2026-01-05T14:37:08","guid":{"rendered":"https:\/\/bloom-officiel.com\/?post_type=product&#038;p=1999"},"modified":"2026-01-14T09:17:53","modified_gmt":"2026-01-14T08:17:53","slug":"bague-12","status":"publish","type":"product","link":"https:\/\/bloom-officiel.com\/?product=bague-12","title":{"rendered":"Bague"},"content":{"rendered":"","protected":false},"excerpt":{"rendered":"<p>D\u00e9couvrez nos bagues ajustables en acier inoxydable, au design minimaliste et organique qui \u00e9pouse parfaitement la forme de votre doigt. Alliant modernit\u00e9 et durabilit\u00e9, ces bijoux r\u00e9sistent \u00e0 l\u2019eau et au quotidien sans jamais perdre leur \u00e9clat. Disponibles en finitions or et argent, elles sont l&rsquo;accessoire id\u00e9al \u00e0 porter seules ou en accumulation pour un style affirm\u00e9.<\/p>\n","protected":false},"featured_media":2000,"comment_status":"open","ping_status":"closed","template":"","meta":[],"product_brand":[],"product_cat":[22],"product_tag":[],"class_list":{"0":"post-1999","1":"product","2":"type-product","3":"status-publish","4":"has-post-thumbnail","6":"product_cat-bagues","8":"first","9":"instock","10":"shipping-taxable","11":"purchasable","12":"product-type-variable"},"_links":{"self":[{"href":"https:\/\/bloom-officiel.com\/index.php?rest_route=\/wp\/v2\/product\/1999","targetHints":{"allow":["GET"]}}],"collection":[{"href":"https:\/\/bloom-officiel.com\/index.php?rest_route=\/wp\/v2\/product"}],"about":[{"href":"https:\/\/bloom-officiel.com\/index.php?rest_route=\/wp\/v2\/types\/product"}],"replies":[{"embeddable":true,"href":"https:\/\/bloom-officiel.com\/index.php?rest_route=%2Fwp%2Fv2%2Fcomments&post=1999"}],"wp:featuredmedia":[{"embeddable":true,"href":"https:\/\/bloom-officiel.com\/index.php?rest_route=\/wp\/v2\/media\/2000"}],"wp:attachment":[{"href":"https:\/\/bloom-officiel.com\/index.php?rest_route=%2Fwp%2Fv2%2Fmedia&parent=1999"}],"wp:term":[{"taxonomy":"product_brand","embeddable":true,"href":"https:\/\/bloom-officiel.com\/index.php?rest_route=%2Fwp%2Fv2%2Fproduct_brand&post=1999"},{"taxonomy":"product_cat","embeddable":true,"href":"https:\/\/bloom-officiel.com\/index.php?rest_route=%2Fwp%2Fv2%2Fproduct_cat&post=1999"},{"taxonomy":"product_tag","embeddable":true,"href":"https:\/\/bloom-officiel.com\/index.php?rest_route=%2Fwp%2Fv2%2Fproduct_tag&post=1999"}],"curies":[{"name":"wp","href":"https:\/\/api.w.org\/{rel}","templated":true}]}}