{"id":1905,"date":"2025-12-28T12:01:01","date_gmt":"2025-12-28T11:01:01","guid":{"rendered":"https:\/\/bloom-officiel.com\/?post_type=product&#038;p=1905"},"modified":"2026-01-05T13:05:22","modified_gmt":"2026-01-05T12:05:22","slug":"bracelet-9","status":"publish","type":"product","link":"https:\/\/bloom-officiel.com\/?product=bracelet-9","title":{"rendered":"Bracelet"},"content":{"rendered":"<p>Bracelet d\u00e9licat en acier inoxydable , orn\u00e9 de motifs floraux bleu profond.<br data-start=\"82\" data-end=\"85\" \/>Style : \u00e9l\u00e9gant et raffin\u00e9, inspiration minimaliste.<br data-start=\"141\" data-end=\"144\" \/>Caract\u00e9ristiques : cha\u00eene fine ajustable, r\u00e9sistant \u00e0 l\u2019usure et \u00e0 l\u2019oxydation, id\u00e9al pour un port\u00e9 quotidien.<\/p>\n","protected":false},"excerpt":{"rendered":"<p>Bracelet d\u00e9licat en acier inoxydable , orn\u00e9 de motifs floraux bleu profond.Style : \u00e9l\u00e9gant et raffin\u00e9, inspiration minimaliste.Caract\u00e9ristiques : cha\u00eene fine ajustable, r\u00e9sistant \u00e0 l\u2019usure et \u00e0 l\u2019oxydation, id\u00e9al pour un port\u00e9 quotidien.<\/p>\n","protected":false},"featured_media":1978,"comment_status":"open","ping_status":"closed","template":"","meta":[],"product_brand":[],"product_cat":[25],"product_tag":[],"class_list":{"0":"post-1905","1":"product","2":"type-product","3":"status-publish","4":"has-post-thumbnail","6":"product_cat-bracelets","8":"first","9":"instock","10":"shipping-taxable","11":"purchasable","12":"product-type-simple"},"_links":{"self":[{"href":"https:\/\/bloom-officiel.com\/index.php?rest_route=\/wp\/v2\/product\/1905","targetHints":{"allow":["GET"]}}],"collection":[{"href":"https:\/\/bloom-officiel.com\/index.php?rest_route=\/wp\/v2\/product"}],"about":[{"href":"https:\/\/bloom-officiel.com\/index.php?rest_route=\/wp\/v2\/types\/product"}],"replies":[{"embeddable":true,"href":"https:\/\/bloom-officiel.com\/index.php?rest_route=%2Fwp%2Fv2%2Fcomments&post=1905"}],"wp:featuredmedia":[{"embeddable":true,"href":"https:\/\/bloom-officiel.com\/index.php?rest_route=\/wp\/v2\/media\/1978"}],"wp:attachment":[{"href":"https:\/\/bloom-officiel.com\/index.php?rest_route=%2Fwp%2Fv2%2Fmedia&parent=1905"}],"wp:term":[{"taxonomy":"product_brand","embeddable":true,"href":"https:\/\/bloom-officiel.com\/index.php?rest_route=%2Fwp%2Fv2%2Fproduct_brand&post=1905"},{"taxonomy":"product_cat","embeddable":true,"href":"https:\/\/bloom-officiel.com\/index.php?rest_route=%2Fwp%2Fv2%2Fproduct_cat&post=1905"},{"taxonomy":"product_tag","embeddable":true,"href":"https:\/\/bloom-officiel.com\/index.php?rest_route=%2Fwp%2Fv2%2Fproduct_tag&post=1905"}],"curies":[{"name":"wp","href":"https:\/\/api.w.org\/{rel}","templated":true}]}}