{"id":1904,"date":"2025-12-28T12:00:03","date_gmt":"2025-12-28T11:00:03","guid":{"rendered":"https:\/\/bloom-officiel.com\/?post_type=product&#038;p=1904"},"modified":"2026-01-12T12:32:13","modified_gmt":"2026-01-12T11:32:13","slug":"collier-6","status":"publish","type":"product","link":"https:\/\/bloom-officiel.com\/?product=collier-6","title":{"rendered":"Collier"},"content":{"rendered":"<p>Collier \ud83c\udf36\ufe0f : votre touche &lsquo; spicy &lsquo;<\/p>\n<p>D\u00e9tails:<\/p>\n<p>Mati\u00e8re : Acier inoxydable de haute qualit\u00e9<\/p>\n<p>Style : Minimaliste, \u00e9l\u00e9gant, tendance<\/p>\n<p>Finition : Dor\u00e9e brillante avec pendentif piment rouge \u00e9maill\u00e9<\/p>\n<p>Couleur : dor\u00e9 &amp; rouge<\/p>\n<p>Confortable et facile \u00e0 assortir<\/p>\n<p>Un bijou discret mais plein de caract\u00e8re, parfait pour celles qui aiment les d\u00e9tails qui font la diff\u00e9rence \ud83d\udcab<\/p>\n","protected":false},"excerpt":{"rendered":"<p>Collier \ud83c\udf36\ufe0f : votre touche &lsquo; spicy &lsquo; D\u00e9tails: Mati\u00e8re : Acier inoxydable de haute qualit\u00e9 Style : Minimaliste, \u00e9l\u00e9gant, tendance Finition : Dor\u00e9e brillante avec pendentif piment rouge \u00e9maill\u00e9 Couleur : dor\u00e9 &amp; rouge Confortable et facile \u00e0 assortir Un bijou discret mais plein de caract\u00e8re, parfait pour celles qui aiment les d\u00e9tails qui [&hellip;]<\/p>\n","protected":false},"featured_media":1891,"comment_status":"open","ping_status":"closed","template":"","meta":[],"product_brand":[],"product_cat":[21],"product_tag":[],"class_list":{"0":"post-1904","1":"product","2":"type-product","3":"status-publish","4":"has-post-thumbnail","6":"product_cat-colliers","8":"first","9":"instock","10":"shipping-taxable","11":"purchasable","12":"product-type-simple"},"_links":{"self":[{"href":"https:\/\/bloom-officiel.com\/index.php?rest_route=\/wp\/v2\/product\/1904","targetHints":{"allow":["GET"]}}],"collection":[{"href":"https:\/\/bloom-officiel.com\/index.php?rest_route=\/wp\/v2\/product"}],"about":[{"href":"https:\/\/bloom-officiel.com\/index.php?rest_route=\/wp\/v2\/types\/product"}],"replies":[{"embeddable":true,"href":"https:\/\/bloom-officiel.com\/index.php?rest_route=%2Fwp%2Fv2%2Fcomments&post=1904"}],"wp:featuredmedia":[{"embeddable":true,"href":"https:\/\/bloom-officiel.com\/index.php?rest_route=\/wp\/v2\/media\/1891"}],"wp:attachment":[{"href":"https:\/\/bloom-officiel.com\/index.php?rest_route=%2Fwp%2Fv2%2Fmedia&parent=1904"}],"wp:term":[{"taxonomy":"product_brand","embeddable":true,"href":"https:\/\/bloom-officiel.com\/index.php?rest_route=%2Fwp%2Fv2%2Fproduct_brand&post=1904"},{"taxonomy":"product_cat","embeddable":true,"href":"https:\/\/bloom-officiel.com\/index.php?rest_route=%2Fwp%2Fv2%2Fproduct_cat&post=1904"},{"taxonomy":"product_tag","embeddable":true,"href":"https:\/\/bloom-officiel.com\/index.php?rest_route=%2Fwp%2Fv2%2Fproduct_tag&post=1904"}],"curies":[{"name":"wp","href":"https:\/\/api.w.org\/{rel}","templated":true}]}}