{"id":1903,"date":"2025-12-28T11:59:12","date_gmt":"2025-12-28T10:59:12","guid":{"rendered":"https:\/\/bloom-officiel.com\/?post_type=product&#038;p=1903"},"modified":"2026-01-12T15:15:22","modified_gmt":"2026-01-12T14:15:22","slug":"bracelet-8","status":"publish","type":"product","link":"https:\/\/bloom-officiel.com\/?product=bracelet-8","title":{"rendered":"Bracelet"},"content":{"rendered":"<p>Jonc sophistiqu\u00e9 en acier inoxydable, avec une finition dor\u00e9e torsad\u00e9e au design \u00e9l\u00e9gant.<br data-start=\"97\" data-end=\"100\" \/>Style : moderne et intemporel, esprit minimaliste.<br data-start=\"154\" data-end=\"157\" \/>Caract\u00e9ristiques : structure rigide ouverte pour un enfilage facile, finitions soign\u00e9es, durable et r\u00e9sistant \u00e0 l\u2019oxydation, parfait pour sublimer le quotidien.<\/p>\n","protected":false},"excerpt":{"rendered":"<p>Jonc sophistiqu\u00e9 en acier inoxydable, avec une finition dor\u00e9e torsad\u00e9e au design \u00e9l\u00e9gant.Style : moderne et intemporel, esprit minimaliste.Caract\u00e9ristiques : structure rigide ouverte pour un enfilage facile, finitions soign\u00e9es, durable et r\u00e9sistant \u00e0 l\u2019oxydation, parfait pour sublimer le quotidien.<\/p>\n","protected":false},"featured_media":1992,"comment_status":"open","ping_status":"closed","template":"","meta":[],"product_brand":[],"product_cat":[25],"product_tag":[],"class_list":{"0":"post-1903","1":"product","2":"type-product","3":"status-publish","4":"has-post-thumbnail","6":"product_cat-bracelets","8":"first","9":"instock","10":"shipping-taxable","11":"purchasable","12":"product-type-simple"},"_links":{"self":[{"href":"https:\/\/bloom-officiel.com\/index.php?rest_route=\/wp\/v2\/product\/1903","targetHints":{"allow":["GET"]}}],"collection":[{"href":"https:\/\/bloom-officiel.com\/index.php?rest_route=\/wp\/v2\/product"}],"about":[{"href":"https:\/\/bloom-officiel.com\/index.php?rest_route=\/wp\/v2\/types\/product"}],"replies":[{"embeddable":true,"href":"https:\/\/bloom-officiel.com\/index.php?rest_route=%2Fwp%2Fv2%2Fcomments&post=1903"}],"wp:featuredmedia":[{"embeddable":true,"href":"https:\/\/bloom-officiel.com\/index.php?rest_route=\/wp\/v2\/media\/1992"}],"wp:attachment":[{"href":"https:\/\/bloom-officiel.com\/index.php?rest_route=%2Fwp%2Fv2%2Fmedia&parent=1903"}],"wp:term":[{"taxonomy":"product_brand","embeddable":true,"href":"https:\/\/bloom-officiel.com\/index.php?rest_route=%2Fwp%2Fv2%2Fproduct_brand&post=1903"},{"taxonomy":"product_cat","embeddable":true,"href":"https:\/\/bloom-officiel.com\/index.php?rest_route=%2Fwp%2Fv2%2Fproduct_cat&post=1903"},{"taxonomy":"product_tag","embeddable":true,"href":"https:\/\/bloom-officiel.com\/index.php?rest_route=%2Fwp%2Fv2%2Fproduct_tag&post=1903"}],"curies":[{"name":"wp","href":"https:\/\/api.w.org\/{rel}","templated":true}]}}