{"id":1902,"date":"2025-12-28T11:58:24","date_gmt":"2025-12-28T10:58:24","guid":{"rendered":"https:\/\/bloom-officiel.com\/?post_type=product&#038;p=1902"},"modified":"2026-01-14T12:13:56","modified_gmt":"2026-01-14T11:13:56","slug":"collier-5","status":"publish","type":"product","link":"https:\/\/bloom-officiel.com\/?product=collier-5","title":{"rendered":"Collier"},"content":{"rendered":"<p>Collier raffin\u00e9 compos\u00e9 de d\u00e9licats motifs tr\u00e8fle. Son design fin et harmonieux apporte une touche chic et intemporelle, parfaite pour sublimer toutes les tenues, du quotidien aux occasions sp\u00e9ciales.<br \/>\nD\u00e9tails :<br \/>\nMati\u00e8re : Acier inoxydable de haute qualit\u00e9<br \/>\nCouleur : Dor\u00e9 brillant<br \/>\nMotif : Tr\u00e8fle \u00e0 quatre p\u00e9tales, finition lisse avec contour<br \/>\nStyle : \u00c9l\u00e9gant, f\u00e9minin et intemporel<br \/>\nFinition : R\u00e9sistante \u00e0 l\u2019eau, ne noircit pas<br \/>\nPort : L\u00e9ger et confortable<br \/>\n\u2728 Un bijou d\u00e9licat qui allie finesse et modernit\u00e9, id\u00e9al \u00e0 offrir ou \u00e0 s\u2019offrir.<\/p>\n","protected":false},"excerpt":{"rendered":"<p>Collier raffin\u00e9 compos\u00e9 de d\u00e9licats motifs tr\u00e8fle. Son design fin et harmonieux apporte une touche chic et intemporelle, parfaite pour sublimer toutes les tenues, du quotidien aux occasions sp\u00e9ciales. D\u00e9tails : Mati\u00e8re : Acier inoxydable de haute qualit\u00e9 Couleur : Dor\u00e9 brillant Motif : Tr\u00e8fle \u00e0 quatre p\u00e9tales, finition lisse avec contour Style : \u00c9l\u00e9gant, [&hellip;]<\/p>\n","protected":false},"featured_media":1965,"comment_status":"open","ping_status":"closed","template":"","meta":[],"product_brand":[],"product_cat":[21],"product_tag":[],"class_list":{"0":"post-1902","1":"product","2":"type-product","3":"status-publish","4":"has-post-thumbnail","6":"product_cat-colliers","8":"first","9":"instock","10":"shipping-taxable","11":"purchasable","12":"product-type-simple"},"_links":{"self":[{"href":"https:\/\/bloom-officiel.com\/index.php?rest_route=\/wp\/v2\/product\/1902","targetHints":{"allow":["GET"]}}],"collection":[{"href":"https:\/\/bloom-officiel.com\/index.php?rest_route=\/wp\/v2\/product"}],"about":[{"href":"https:\/\/bloom-officiel.com\/index.php?rest_route=\/wp\/v2\/types\/product"}],"replies":[{"embeddable":true,"href":"https:\/\/bloom-officiel.com\/index.php?rest_route=%2Fwp%2Fv2%2Fcomments&post=1902"}],"wp:featuredmedia":[{"embeddable":true,"href":"https:\/\/bloom-officiel.com\/index.php?rest_route=\/wp\/v2\/media\/1965"}],"wp:attachment":[{"href":"https:\/\/bloom-officiel.com\/index.php?rest_route=%2Fwp%2Fv2%2Fmedia&parent=1902"}],"wp:term":[{"taxonomy":"product_brand","embeddable":true,"href":"https:\/\/bloom-officiel.com\/index.php?rest_route=%2Fwp%2Fv2%2Fproduct_brand&post=1902"},{"taxonomy":"product_cat","embeddable":true,"href":"https:\/\/bloom-officiel.com\/index.php?rest_route=%2Fwp%2Fv2%2Fproduct_cat&post=1902"},{"taxonomy":"product_tag","embeddable":true,"href":"https:\/\/bloom-officiel.com\/index.php?rest_route=%2Fwp%2Fv2%2Fproduct_tag&post=1902"}],"curies":[{"name":"wp","href":"https:\/\/api.w.org\/{rel}","templated":true}]}}