{"id":1874,"date":"2025-12-28T10:18:05","date_gmt":"2025-12-28T09:18:05","guid":{"rendered":"https:\/\/bloom-officiel.com\/?post_type=product&#038;p=1874"},"modified":"2026-01-02T10:44:55","modified_gmt":"2026-01-02T09:44:55","slug":"bracelet-2","status":"publish","type":"product","link":"https:\/\/bloom-officiel.com\/?product=bracelet-2","title":{"rendered":"Bracelet"},"content":{"rendered":"<p>Bracelet d\u00e9licat en acier inoxydable de haute qualit\u00e9, orn\u00e9 de motifs floraux noirs.<br data-start=\"343\" data-end=\"346\" \/>Style : \u00e9l\u00e9gant et raffin\u00e9, au design minimaliste.<br data-start=\"400\" data-end=\"403\" \/>Caract\u00e9ristiques : cha\u00eene fine r\u00e9glable, r\u00e9sistant \u00e0 l\u2019eau et \u00e0 l\u2019oxydation, parfait pour un usage quotidien.<\/p>\n","protected":false},"excerpt":{"rendered":"<p>Bracelet d\u00e9licat en acier inoxydable de haute qualit\u00e9, orn\u00e9 de motifs floraux noirs.Style : \u00e9l\u00e9gant et raffin\u00e9, au design minimaliste.Caract\u00e9ristiques : cha\u00eene fine r\u00e9glable, r\u00e9sistant \u00e0 l\u2019eau et \u00e0 l\u2019oxydation, parfait pour un usage quotidien.<\/p>\n","protected":false},"featured_media":1873,"comment_status":"open","ping_status":"closed","template":"","meta":[],"product_brand":[],"product_cat":[25],"product_tag":[],"class_list":{"0":"post-1874","1":"product","2":"type-product","3":"status-publish","4":"has-post-thumbnail","6":"product_cat-bracelets","8":"first","9":"instock","10":"shipping-taxable","11":"purchasable","12":"product-type-simple"},"_links":{"self":[{"href":"https:\/\/bloom-officiel.com\/index.php?rest_route=\/wp\/v2\/product\/1874","targetHints":{"allow":["GET"]}}],"collection":[{"href":"https:\/\/bloom-officiel.com\/index.php?rest_route=\/wp\/v2\/product"}],"about":[{"href":"https:\/\/bloom-officiel.com\/index.php?rest_route=\/wp\/v2\/types\/product"}],"replies":[{"embeddable":true,"href":"https:\/\/bloom-officiel.com\/index.php?rest_route=%2Fwp%2Fv2%2Fcomments&post=1874"}],"wp:featuredmedia":[{"embeddable":true,"href":"https:\/\/bloom-officiel.com\/index.php?rest_route=\/wp\/v2\/media\/1873"}],"wp:attachment":[{"href":"https:\/\/bloom-officiel.com\/index.php?rest_route=%2Fwp%2Fv2%2Fmedia&parent=1874"}],"wp:term":[{"taxonomy":"product_brand","embeddable":true,"href":"https:\/\/bloom-officiel.com\/index.php?rest_route=%2Fwp%2Fv2%2Fproduct_brand&post=1874"},{"taxonomy":"product_cat","embeddable":true,"href":"https:\/\/bloom-officiel.com\/index.php?rest_route=%2Fwp%2Fv2%2Fproduct_cat&post=1874"},{"taxonomy":"product_tag","embeddable":true,"href":"https:\/\/bloom-officiel.com\/index.php?rest_route=%2Fwp%2Fv2%2Fproduct_tag&post=1874"}],"curies":[{"name":"wp","href":"https:\/\/api.w.org\/{rel}","templated":true}]}}