{"id":1869,"date":"2025-12-28T00:01:52","date_gmt":"2025-12-27T23:01:52","guid":{"rendered":"https:\/\/bloom-officiel.com\/?post_type=product&#038;p=1869"},"modified":"2026-01-06T09:59:34","modified_gmt":"2026-01-06T08:59:34","slug":"gourmette","status":"publish","type":"product","link":"https:\/\/bloom-officiel.com\/?product=gourmette","title":{"rendered":"Gourmette"},"content":{"rendered":"<p data-path-to-node=\"3\">Sublimez votre poignet avec cette gourmette rigide au caract\u00e8re affirm\u00e9.<\/p>\n<p data-path-to-node=\"3\">D\u00e9tails du produit :<\/p>\n<ul data-path-to-node=\"6\">\n<li>\n<p data-path-to-node=\"6,0,0\">Mati\u00e8re : Acier inoxydable de haute qualit\u00e9 (robuste et inalt\u00e9rable).<\/p>\n<\/li>\n<li>\n<p data-path-to-node=\"6,1,0\">Couleur : Dor\u00e9 \u00e9clatant.<\/p>\n<\/li>\n<li>\n<p data-path-to-node=\"6,2,0\">Forme : Jonc rigide \u00e0 bordure perl\u00e9e, orn\u00e9 de fleurs cisel\u00e9es \u00e0 5 p\u00e9tales.<\/p>\n<\/li>\n<li>\n<p data-path-to-node=\"6,3,0\">Style : Chic, printanier et sophistiqu\u00e9.<\/p>\n<\/li>\n<\/ul>\n","protected":false},"excerpt":{"rendered":"<p>Sublimez votre poignet avec cette gourmette rigide au caract\u00e8re affirm\u00e9. D\u00e9tails du produit : Mati\u00e8re : Acier inoxydable de haute qualit\u00e9 (robuste et inalt\u00e9rable). Couleur : Dor\u00e9 \u00e9clatant. Forme : Jonc rigide \u00e0 bordure perl\u00e9e, orn\u00e9 de fleurs cisel\u00e9es \u00e0 5 p\u00e9tales. Style : Chic, printanier et sophistiqu\u00e9.<\/p>\n","protected":false},"featured_media":2004,"comment_status":"open","ping_status":"closed","template":"","meta":[],"product_brand":[],"product_cat":[26],"product_tag":[],"class_list":{"0":"post-1869","1":"product","2":"type-product","3":"status-publish","4":"has-post-thumbnail","6":"product_cat-gourmettes","8":"first","9":"instock","10":"shipping-taxable","11":"purchasable","12":"product-type-simple"},"_links":{"self":[{"href":"https:\/\/bloom-officiel.com\/index.php?rest_route=\/wp\/v2\/product\/1869","targetHints":{"allow":["GET"]}}],"collection":[{"href":"https:\/\/bloom-officiel.com\/index.php?rest_route=\/wp\/v2\/product"}],"about":[{"href":"https:\/\/bloom-officiel.com\/index.php?rest_route=\/wp\/v2\/types\/product"}],"replies":[{"embeddable":true,"href":"https:\/\/bloom-officiel.com\/index.php?rest_route=%2Fwp%2Fv2%2Fcomments&post=1869"}],"wp:featuredmedia":[{"embeddable":true,"href":"https:\/\/bloom-officiel.com\/index.php?rest_route=\/wp\/v2\/media\/2004"}],"wp:attachment":[{"href":"https:\/\/bloom-officiel.com\/index.php?rest_route=%2Fwp%2Fv2%2Fmedia&parent=1869"}],"wp:term":[{"taxonomy":"product_brand","embeddable":true,"href":"https:\/\/bloom-officiel.com\/index.php?rest_route=%2Fwp%2Fv2%2Fproduct_brand&post=1869"},{"taxonomy":"product_cat","embeddable":true,"href":"https:\/\/bloom-officiel.com\/index.php?rest_route=%2Fwp%2Fv2%2Fproduct_cat&post=1869"},{"taxonomy":"product_tag","embeddable":true,"href":"https:\/\/bloom-officiel.com\/index.php?rest_route=%2Fwp%2Fv2%2Fproduct_tag&post=1869"}],"curies":[{"name":"wp","href":"https:\/\/api.w.org\/{rel}","templated":true}]}}