{"id":1866,"date":"2025-12-27T23:52:03","date_gmt":"2025-12-27T22:52:03","guid":{"rendered":"https:\/\/bloom-officiel.com\/?post_type=product&#038;p=1866"},"modified":"2026-01-12T14:04:53","modified_gmt":"2026-01-12T13:04:53","slug":"boucles-rosy","status":"publish","type":"product","link":"https:\/\/bloom-officiel.com\/?product=boucles-rosy","title":{"rendered":"Boucles Rosy"},"content":{"rendered":"<p data-start=\"130\" data-end=\"439\">Boucles Rosy: Apportez une touche de raffinement audacieux \u00e0 votre style avec ces boucles d\u2019oreilles florales au charme d\u00e9licat. Inspir\u00e9es par la beaut\u00e9 intemporelle de la fleur, elles s\u00e9duisent par leurs lignes douces, leur volume harmonieux et leur couleur vibrante, symbole de f\u00e9minit\u00e9 et d\u2019\u00e9l\u00e9gance.<\/p>\n<p data-start=\"441\" data-end=\"603\">Mati\u00e8re :<br data-start=\"454\" data-end=\"457\" \/>R\u00e9alis\u00e9es en acier inoxydable premium, s\u00e9lectionn\u00e9 pour sa r\u00e9sistance exceptionnelle, sa durabilit\u00e9 et son confort optimal, m\u00eame au quotidien.<\/p>\n<p data-start=\"605\" data-end=\"711\">Couleur :<br data-start=\"618\" data-end=\"621\" \/>Rose fuchsia intense, sublim\u00e9 par un motif dor\u00e9 lumineux qui capte d\u00e9licatement la lumi\u00e8re.<\/p>\n<p data-start=\"605\" data-end=\"711\">Style :<br data-start=\"724\" data-end=\"727\" \/>Luxe moderne \u2013 F\u00e9minin \u2013 \u00c9l\u00e9gance florale<br data-start=\"768\" data-end=\"771\" \/>Finition :<br data-start=\"878\" data-end=\"881\" \/>Finition lisse et soign\u00e9e, avec un travail minutieux des p\u00e9tales pour un rendu \u00e9l\u00e9gant, chic et haut de gamme.<\/p>\n<p data-start=\"993\" data-end=\"1008\">D\u00e9tails :<\/p>\n<ul data-start=\"1009\" data-end=\"1217\">\n<li data-start=\"1009\" data-end=\"1052\">\n<p data-start=\"1011\" data-end=\"1052\">Boucles d\u2019oreilles forme fleur stylis\u00e9e<\/p>\n<\/li>\n<li data-start=\"1053\" data-end=\"1096\">\n<p data-start=\"1055\" data-end=\"1096\">Design raffin\u00e9 avec centre dor\u00e9 textur\u00e9<\/p>\n<\/li>\n<li data-start=\"1097\" data-end=\"1133\">\n<p data-start=\"1099\" data-end=\"1133\">L\u00e9g\u00e8res et confortables \u00e0 porter<\/p>\n<\/li>\n<li data-start=\"1134\" data-end=\"1169\">\n<p data-start=\"1136\" data-end=\"1169\">Fermeture discr\u00e8te et s\u00e9curis\u00e9e<\/p>\n<\/li>\n<li data-start=\"1170\" data-end=\"1217\">\n<p data-start=\"1172\" data-end=\"1217\">Excellente tenue des couleurs dans le temps<\/p>\n<\/li>\n<\/ul>\n<p data-start=\"1219\" data-end=\"1289\">\u2728 Un bijou raffin\u00e9 qui allie d\u00e9licatesse florale et luxe contemporain.<\/p>\n","protected":false},"excerpt":{"rendered":"<p>Boucles Rosy: Apportez une touche de raffinement audacieux \u00e0 votre style avec ces boucles d\u2019oreilles florales au charme d\u00e9licat. Inspir\u00e9es par la beaut\u00e9 intemporelle de la fleur, elles s\u00e9duisent par leurs lignes douces, leur volume harmonieux et leur couleur vibrante, symbole de f\u00e9minit\u00e9 et d\u2019\u00e9l\u00e9gance. Mati\u00e8re :R\u00e9alis\u00e9es en acier inoxydable premium, s\u00e9lectionn\u00e9 pour sa r\u00e9sistance [&hellip;]<\/p>\n","protected":false},"featured_media":1867,"comment_status":"open","ping_status":"closed","template":"","meta":[],"product_brand":[],"product_cat":[20],"product_tag":[],"class_list":{"0":"post-1866","1":"product","2":"type-product","3":"status-publish","4":"has-post-thumbnail","6":"product_cat-boucles","8":"first","9":"instock","10":"shipping-taxable","11":"purchasable","12":"product-type-simple"},"_links":{"self":[{"href":"https:\/\/bloom-officiel.com\/index.php?rest_route=\/wp\/v2\/product\/1866","targetHints":{"allow":["GET"]}}],"collection":[{"href":"https:\/\/bloom-officiel.com\/index.php?rest_route=\/wp\/v2\/product"}],"about":[{"href":"https:\/\/bloom-officiel.com\/index.php?rest_route=\/wp\/v2\/types\/product"}],"replies":[{"embeddable":true,"href":"https:\/\/bloom-officiel.com\/index.php?rest_route=%2Fwp%2Fv2%2Fcomments&post=1866"}],"wp:featuredmedia":[{"embeddable":true,"href":"https:\/\/bloom-officiel.com\/index.php?rest_route=\/wp\/v2\/media\/1867"}],"wp:attachment":[{"href":"https:\/\/bloom-officiel.com\/index.php?rest_route=%2Fwp%2Fv2%2Fmedia&parent=1866"}],"wp:term":[{"taxonomy":"product_brand","embeddable":true,"href":"https:\/\/bloom-officiel.com\/index.php?rest_route=%2Fwp%2Fv2%2Fproduct_brand&post=1866"},{"taxonomy":"product_cat","embeddable":true,"href":"https:\/\/bloom-officiel.com\/index.php?rest_route=%2Fwp%2Fv2%2Fproduct_cat&post=1866"},{"taxonomy":"product_tag","embeddable":true,"href":"https:\/\/bloom-officiel.com\/index.php?rest_route=%2Fwp%2Fv2%2Fproduct_tag&post=1866"}],"curies":[{"name":"wp","href":"https:\/\/api.w.org\/{rel}","templated":true}]}}