{"id":1860,"date":"2025-12-27T23:20:16","date_gmt":"2025-12-27T22:20:16","guid":{"rendered":"https:\/\/bloom-officiel.com\/?post_type=product&#038;p=1860"},"modified":"2026-01-12T13:43:56","modified_gmt":"2026-01-12T12:43:56","slug":"bague-9","status":"publish","type":"product","link":"https:\/\/bloom-officiel.com\/?product=bague-9","title":{"rendered":"Bague"},"content":{"rendered":"<p>Bague en Acier Inoxydable \u2013 Coquillage<\/p>\n<p>Apportez une touche d\u2019\u00e9l\u00e9gance \u00e0 votre style avec cette superbe bague en acier inoxydable.<\/p>\n<p>D\u00e9tails:<\/p>\n<p>Mati\u00e8re : Acier inoxydable (Stainless Steel)<\/p>\n<p>Couleur : Dor\u00e9<\/p>\n<p>R\u00e9sistante \u00e0 l\u2019eau et \u00e0 l\u2019oxydation<\/p>\n<p>Ne change pas de couleur<\/p>\n<p>Confortable et l\u00e9g\u00e8re \u00e0 porter<\/p>\n<p>Un bijou chic et tendance, id\u00e9al \u00e0 offrir ou \u00e0 s\u2019offrir \ud83e\udd0d<\/p>\n","protected":false},"excerpt":{"rendered":"<p>Bague en Acier Inoxydable \u2013 Coquillage Apportez une touche d\u2019\u00e9l\u00e9gance \u00e0 votre style avec cette superbe bague en acier inoxydable. D\u00e9tails: Mati\u00e8re : Acier inoxydable (Stainless Steel) Couleur : Dor\u00e9 R\u00e9sistante \u00e0 l\u2019eau et \u00e0 l\u2019oxydation Ne change pas de couleur Confortable et l\u00e9g\u00e8re \u00e0 porter Un bijou chic et tendance, id\u00e9al \u00e0 offrir ou [&hellip;]<\/p>\n","protected":false},"featured_media":1859,"comment_status":"open","ping_status":"closed","template":"","meta":[],"product_brand":[],"product_cat":[22],"product_tag":[],"class_list":{"0":"post-1860","1":"product","2":"type-product","3":"status-publish","4":"has-post-thumbnail","6":"product_cat-bagues","8":"first","9":"instock","10":"shipping-taxable","11":"purchasable","12":"product-type-simple"},"_links":{"self":[{"href":"https:\/\/bloom-officiel.com\/index.php?rest_route=\/wp\/v2\/product\/1860","targetHints":{"allow":["GET"]}}],"collection":[{"href":"https:\/\/bloom-officiel.com\/index.php?rest_route=\/wp\/v2\/product"}],"about":[{"href":"https:\/\/bloom-officiel.com\/index.php?rest_route=\/wp\/v2\/types\/product"}],"replies":[{"embeddable":true,"href":"https:\/\/bloom-officiel.com\/index.php?rest_route=%2Fwp%2Fv2%2Fcomments&post=1860"}],"wp:featuredmedia":[{"embeddable":true,"href":"https:\/\/bloom-officiel.com\/index.php?rest_route=\/wp\/v2\/media\/1859"}],"wp:attachment":[{"href":"https:\/\/bloom-officiel.com\/index.php?rest_route=%2Fwp%2Fv2%2Fmedia&parent=1860"}],"wp:term":[{"taxonomy":"product_brand","embeddable":true,"href":"https:\/\/bloom-officiel.com\/index.php?rest_route=%2Fwp%2Fv2%2Fproduct_brand&post=1860"},{"taxonomy":"product_cat","embeddable":true,"href":"https:\/\/bloom-officiel.com\/index.php?rest_route=%2Fwp%2Fv2%2Fproduct_cat&post=1860"},{"taxonomy":"product_tag","embeddable":true,"href":"https:\/\/bloom-officiel.com\/index.php?rest_route=%2Fwp%2Fv2%2Fproduct_tag&post=1860"}],"curies":[{"name":"wp","href":"https:\/\/api.w.org\/{rel}","templated":true}]}}