{"id":1858,"date":"2025-12-27T23:12:33","date_gmt":"2025-12-27T22:12:33","guid":{"rendered":"https:\/\/bloom-officiel.com\/?post_type=product&#038;p=1858"},"modified":"2026-01-12T13:11:28","modified_gmt":"2026-01-12T12:11:28","slug":"bague-8","status":"publish","type":"product","link":"https:\/\/bloom-officiel.com\/?product=bague-8","title":{"rendered":"Bague"},"content":{"rendered":"<p>Bague en acier inoxydable \u2013 Argent\u00e9e, design sculptural<\/p>\n<p>Apporte une touche d\u2019\u00e9l\u00e9gance moderne \u00e0 ton style avec cette bague en acier inoxydable argent\u00e9e au design sculptural et contemporain. Sa forme fluide et originale en fait un bijou de caract\u00e8re, id\u00e9al pour sublimer une tenue simple comme un look plus sophistiqu\u00e9.<\/p>\n<p>Port\u00e9e seule, elle devient une pi\u00e8ce forte. Associ\u00e9e \u00e0 d\u2019autres bijoux, elle apporte une touche tendance et affirm\u00e9e \u00e0 ton style.<\/p>\n<p>D\u00e9tails du produit :<\/p>\n<p>Mati\u00e8re : Acier inoxydable<\/p>\n<p>Couleur : Argent<\/p>\n<p>Design : Sculptural et moderne<\/p>\n<p>R\u00e9sistante \u00e0 l\u2019eau et \u00e0 l\u2019oxydation<\/p>\n<p>Ne ternit pas<\/p>\n<p>Hypoallerg\u00e9nique<\/p>\n<p>Confortable et l\u00e9g\u00e8re<\/p>\n<p>\u2728 Un bijou \u00e9l\u00e9gant et contemporain, parfait \u00e0 offrir ou \u00e0 s\u2019offrir.<\/p>\n","protected":false},"excerpt":{"rendered":"<p>Bague en acier inoxydable \u2013 Argent\u00e9e, design sculptural Apporte une touche d\u2019\u00e9l\u00e9gance moderne \u00e0 ton style avec cette bague en acier inoxydable argent\u00e9e au design sculptural et contemporain. Sa forme fluide et originale en fait un bijou de caract\u00e8re, id\u00e9al pour sublimer une tenue simple comme un look plus sophistiqu\u00e9. Port\u00e9e seule, elle devient une [&hellip;]<\/p>\n","protected":false},"featured_media":1840,"comment_status":"open","ping_status":"closed","template":"","meta":[],"product_brand":[],"product_cat":[22],"product_tag":[],"class_list":{"0":"post-1858","1":"product","2":"type-product","3":"status-publish","4":"has-post-thumbnail","6":"product_cat-bagues","8":"first","9":"instock","10":"shipping-taxable","11":"purchasable","12":"product-type-simple"},"_links":{"self":[{"href":"https:\/\/bloom-officiel.com\/index.php?rest_route=\/wp\/v2\/product\/1858","targetHints":{"allow":["GET"]}}],"collection":[{"href":"https:\/\/bloom-officiel.com\/index.php?rest_route=\/wp\/v2\/product"}],"about":[{"href":"https:\/\/bloom-officiel.com\/index.php?rest_route=\/wp\/v2\/types\/product"}],"replies":[{"embeddable":true,"href":"https:\/\/bloom-officiel.com\/index.php?rest_route=%2Fwp%2Fv2%2Fcomments&post=1858"}],"wp:featuredmedia":[{"embeddable":true,"href":"https:\/\/bloom-officiel.com\/index.php?rest_route=\/wp\/v2\/media\/1840"}],"wp:attachment":[{"href":"https:\/\/bloom-officiel.com\/index.php?rest_route=%2Fwp%2Fv2%2Fmedia&parent=1858"}],"wp:term":[{"taxonomy":"product_brand","embeddable":true,"href":"https:\/\/bloom-officiel.com\/index.php?rest_route=%2Fwp%2Fv2%2Fproduct_brand&post=1858"},{"taxonomy":"product_cat","embeddable":true,"href":"https:\/\/bloom-officiel.com\/index.php?rest_route=%2Fwp%2Fv2%2Fproduct_cat&post=1858"},{"taxonomy":"product_tag","embeddable":true,"href":"https:\/\/bloom-officiel.com\/index.php?rest_route=%2Fwp%2Fv2%2Fproduct_tag&post=1858"}],"curies":[{"name":"wp","href":"https:\/\/api.w.org\/{rel}","templated":true}]}}