{"id":1855,"date":"2025-12-27T23:09:19","date_gmt":"2025-12-27T22:09:19","guid":{"rendered":"https:\/\/bloom-officiel.com\/?post_type=product&#038;p=1855"},"modified":"2025-12-28T18:21:17","modified_gmt":"2025-12-28T17:21:17","slug":"bague-6","status":"publish","type":"product","link":"https:\/\/bloom-officiel.com\/?product=bague-6","title":{"rendered":"Bague"},"content":{"rendered":"<p>Bague en acier inoxydable \u2013 Argent\u00e9e<\/p>\n<p>Apporte une touche d\u2019\u00e9l\u00e9gance discr\u00e8te \u00e0 ton style avec cette bague en acier inoxydable argent\u00e9e au design moderne et \u00e9pur\u00e9.<\/p>\n<p>D\u00e9tails du produit :<\/p>\n<p>Mati\u00e8re : Acier inoxydable<\/p>\n<p>Couleur: Argent\u00e9<\/p>\n<p>Design moderne et minimaliste<\/p>\n<p>R\u00e9sistante \u00e0 l\u2019eau et \u00e0 l\u2019oxydation<\/p>\n<p>Ne ternit pas<\/p>\n<p>Hypoallerg\u00e9nique<\/p>\n<p>Confortable et l\u00e9g\u00e8re<\/p>\n<p>\u2728 Un bijou moderne et intemporel, parfait \u00e0 offrir ou \u00e0 s\u2019offrir.<\/p>\n","protected":false},"excerpt":{"rendered":"<p>Bague en acier inoxydable \u2013 Argent\u00e9e Apporte une touche d\u2019\u00e9l\u00e9gance discr\u00e8te \u00e0 ton style avec cette bague en acier inoxydable argent\u00e9e au design moderne et \u00e9pur\u00e9. D\u00e9tails du produit : Mati\u00e8re : Acier inoxydable Couleur: Argent\u00e9 Design moderne et minimaliste R\u00e9sistante \u00e0 l\u2019eau et \u00e0 l\u2019oxydation Ne ternit pas Hypoallerg\u00e9nique Confortable et l\u00e9g\u00e8re \u2728 Un [&hellip;]<\/p>\n","protected":false},"featured_media":1844,"comment_status":"open","ping_status":"closed","template":"","meta":[],"product_brand":[],"product_cat":[22],"product_tag":[],"class_list":{"0":"post-1855","1":"product","2":"type-product","3":"status-publish","4":"has-post-thumbnail","6":"product_cat-bagues","8":"first","9":"instock","10":"shipping-taxable","11":"purchasable","12":"product-type-simple"},"_links":{"self":[{"href":"https:\/\/bloom-officiel.com\/index.php?rest_route=\/wp\/v2\/product\/1855","targetHints":{"allow":["GET"]}}],"collection":[{"href":"https:\/\/bloom-officiel.com\/index.php?rest_route=\/wp\/v2\/product"}],"about":[{"href":"https:\/\/bloom-officiel.com\/index.php?rest_route=\/wp\/v2\/types\/product"}],"replies":[{"embeddable":true,"href":"https:\/\/bloom-officiel.com\/index.php?rest_route=%2Fwp%2Fv2%2Fcomments&post=1855"}],"wp:featuredmedia":[{"embeddable":true,"href":"https:\/\/bloom-officiel.com\/index.php?rest_route=\/wp\/v2\/media\/1844"}],"wp:attachment":[{"href":"https:\/\/bloom-officiel.com\/index.php?rest_route=%2Fwp%2Fv2%2Fmedia&parent=1855"}],"wp:term":[{"taxonomy":"product_brand","embeddable":true,"href":"https:\/\/bloom-officiel.com\/index.php?rest_route=%2Fwp%2Fv2%2Fproduct_brand&post=1855"},{"taxonomy":"product_cat","embeddable":true,"href":"https:\/\/bloom-officiel.com\/index.php?rest_route=%2Fwp%2Fv2%2Fproduct_cat&post=1855"},{"taxonomy":"product_tag","embeddable":true,"href":"https:\/\/bloom-officiel.com\/index.php?rest_route=%2Fwp%2Fv2%2Fproduct_tag&post=1855"}],"curies":[{"name":"wp","href":"https:\/\/api.w.org\/{rel}","templated":true}]}}