{"id":1854,"date":"2025-12-27T23:08:13","date_gmt":"2025-12-27T22:08:13","guid":{"rendered":"https:\/\/bloom-officiel.com\/?post_type=product&#038;p=1854"},"modified":"2025-12-28T18:17:37","modified_gmt":"2025-12-28T17:17:37","slug":"bague-5","status":"publish","type":"product","link":"https:\/\/bloom-officiel.com\/?product=bague-5","title":{"rendered":"Bague"},"content":{"rendered":"<p>Bague en acier inoxydable \u2013 Motif feuille dor\u00e9e<\/p>\n<p>Apporte une touche de d\u00e9licatesse et de naturel \u00e0 ton style avec cette bague en acier inoxydable orn\u00e9e d\u2019un \u00e9l\u00e9gant motif feuille.<\/p>\n<p>D\u00e9tails du produit :<\/p>\n<p>Mati\u00e8re : Acier inoxydable<\/p>\n<p>Couleur : Dor\u00e9<\/p>\n<p>Design : Motif feuille<\/p>\n<p>R\u00e9sistante \u00e0 l\u2019eau et \u00e0 l\u2019oxydation<\/p>\n<p>Ne ternit pas<\/p>\n<p>Hypoallerg\u00e9nique<\/p>\n<p>Confortable et l\u00e9g\u00e8re<\/p>\n<p>Style : doux et minimaliste, ou associ\u00e9e \u00e0 d\u2019autres bijoux pour un look plus tendance et affirm\u00e9.<\/p>\n<p>\ud83c\udf43 Un bijou \u00e9l\u00e9gant et intemporel, parfait \u00e0 offrir ou \u00e0 s\u2019offrir.<\/p>\n","protected":false},"excerpt":{"rendered":"<p>Bague en acier inoxydable \u2013 Motif feuille dor\u00e9e Apporte une touche de d\u00e9licatesse et de naturel \u00e0 ton style avec cette bague en acier inoxydable orn\u00e9e d\u2019un \u00e9l\u00e9gant motif feuille. D\u00e9tails du produit : Mati\u00e8re : Acier inoxydable Couleur : Dor\u00e9 Design : Motif feuille R\u00e9sistante \u00e0 l\u2019eau et \u00e0 l\u2019oxydation Ne ternit pas Hypoallerg\u00e9nique [&hellip;]<\/p>\n","protected":false},"featured_media":1845,"comment_status":"open","ping_status":"closed","template":"","meta":[],"product_brand":[],"product_cat":[22],"product_tag":[],"class_list":{"0":"post-1854","1":"product","2":"type-product","3":"status-publish","4":"has-post-thumbnail","6":"product_cat-bagues","8":"first","9":"instock","10":"shipping-taxable","11":"purchasable","12":"product-type-simple"},"_links":{"self":[{"href":"https:\/\/bloom-officiel.com\/index.php?rest_route=\/wp\/v2\/product\/1854","targetHints":{"allow":["GET"]}}],"collection":[{"href":"https:\/\/bloom-officiel.com\/index.php?rest_route=\/wp\/v2\/product"}],"about":[{"href":"https:\/\/bloom-officiel.com\/index.php?rest_route=\/wp\/v2\/types\/product"}],"replies":[{"embeddable":true,"href":"https:\/\/bloom-officiel.com\/index.php?rest_route=%2Fwp%2Fv2%2Fcomments&post=1854"}],"wp:featuredmedia":[{"embeddable":true,"href":"https:\/\/bloom-officiel.com\/index.php?rest_route=\/wp\/v2\/media\/1845"}],"wp:attachment":[{"href":"https:\/\/bloom-officiel.com\/index.php?rest_route=%2Fwp%2Fv2%2Fmedia&parent=1854"}],"wp:term":[{"taxonomy":"product_brand","embeddable":true,"href":"https:\/\/bloom-officiel.com\/index.php?rest_route=%2Fwp%2Fv2%2Fproduct_brand&post=1854"},{"taxonomy":"product_cat","embeddable":true,"href":"https:\/\/bloom-officiel.com\/index.php?rest_route=%2Fwp%2Fv2%2Fproduct_cat&post=1854"},{"taxonomy":"product_tag","embeddable":true,"href":"https:\/\/bloom-officiel.com\/index.php?rest_route=%2Fwp%2Fv2%2Fproduct_tag&post=1854"}],"curies":[{"name":"wp","href":"https:\/\/api.w.org\/{rel}","templated":true}]}}