{"id":1853,"date":"2025-12-27T23:07:32","date_gmt":"2025-12-27T22:07:32","guid":{"rendered":"https:\/\/bloom-officiel.com\/?post_type=product&#038;p=1853"},"modified":"2026-01-12T13:53:21","modified_gmt":"2026-01-12T12:53:21","slug":"bague-4","status":"publish","type":"product","link":"https:\/\/bloom-officiel.com\/?product=bague-4","title":{"rendered":"Bague"},"content":{"rendered":"<p>Bague en acier inoxydable<\/p>\n<p>Sublime ton style avec cette bague en acier inoxydable ( Stainless steel) au design moderne et \u00e9l\u00e9gant. Son allure raffin\u00e9e et sa finition dor\u00e9e apportent une touche chic et tendance \u00e0 toutes tes tenues, que ce soit pour le quotidien ou pour une occasion sp\u00e9ciale.<\/p>\n<p>D\u00e9tails du produit :<\/p>\n<p>Mati\u00e8re : Acier inoxydable<\/p>\n<p>Couleur : Dor\u00e9<\/p>\n<p>R\u00e9sistante \u00e0 l\u2019eau et \u00e0 l\u2019oxydation<\/p>\n<p>Ne ternit pas avec le temps<\/p>\n<p>Hypoallerg\u00e9nique, adapt\u00e9e aux peaux sensibles<\/p>\n<p>Confortable et l\u00e9g\u00e8re<\/p>\n<p>Styles : minimaliste, chic ou modern<\/p>\n<p>\u2728 Un bijou durable et \u00e9l\u00e9gant, parfait \u00e0 offrir ou \u00e0 s\u2019offrir.<\/p>\n","protected":false},"excerpt":{"rendered":"<p>Bague en acier inoxydable Sublime ton style avec cette bague en acier inoxydable ( Stainless steel) au design moderne et \u00e9l\u00e9gant. Son allure raffin\u00e9e et sa finition dor\u00e9e apportent une touche chic et tendance \u00e0 toutes tes tenues, que ce soit pour le quotidien ou pour une occasion sp\u00e9ciale. D\u00e9tails du produit : Mati\u00e8re : [&hellip;]<\/p>\n","protected":false},"featured_media":1846,"comment_status":"open","ping_status":"closed","template":"","meta":[],"product_brand":[],"product_cat":[22],"product_tag":[],"class_list":{"0":"post-1853","1":"product","2":"type-product","3":"status-publish","4":"has-post-thumbnail","6":"product_cat-bagues","8":"first","9":"instock","10":"shipping-taxable","11":"purchasable","12":"product-type-simple"},"_links":{"self":[{"href":"https:\/\/bloom-officiel.com\/index.php?rest_route=\/wp\/v2\/product\/1853","targetHints":{"allow":["GET"]}}],"collection":[{"href":"https:\/\/bloom-officiel.com\/index.php?rest_route=\/wp\/v2\/product"}],"about":[{"href":"https:\/\/bloom-officiel.com\/index.php?rest_route=\/wp\/v2\/types\/product"}],"replies":[{"embeddable":true,"href":"https:\/\/bloom-officiel.com\/index.php?rest_route=%2Fwp%2Fv2%2Fcomments&post=1853"}],"wp:featuredmedia":[{"embeddable":true,"href":"https:\/\/bloom-officiel.com\/index.php?rest_route=\/wp\/v2\/media\/1846"}],"wp:attachment":[{"href":"https:\/\/bloom-officiel.com\/index.php?rest_route=%2Fwp%2Fv2%2Fmedia&parent=1853"}],"wp:term":[{"taxonomy":"product_brand","embeddable":true,"href":"https:\/\/bloom-officiel.com\/index.php?rest_route=%2Fwp%2Fv2%2Fproduct_brand&post=1853"},{"taxonomy":"product_cat","embeddable":true,"href":"https:\/\/bloom-officiel.com\/index.php?rest_route=%2Fwp%2Fv2%2Fproduct_cat&post=1853"},{"taxonomy":"product_tag","embeddable":true,"href":"https:\/\/bloom-officiel.com\/index.php?rest_route=%2Fwp%2Fv2%2Fproduct_tag&post=1853"}],"curies":[{"name":"wp","href":"https:\/\/api.w.org\/{rel}","templated":true}]}}