{"id":1852,"date":"2025-12-27T23:06:04","date_gmt":"2025-12-27T22:06:04","guid":{"rendered":"https:\/\/bloom-officiel.com\/?post_type=product&#038;p=1852"},"modified":"2026-01-12T13:56:30","modified_gmt":"2026-01-12T12:56:30","slug":"bague-3","status":"publish","type":"product","link":"https:\/\/bloom-officiel.com\/?product=bague-3","title":{"rendered":"Bague"},"content":{"rendered":"<p>Bague en acier inoxydable<\/p>\n<p>Fabriqu\u00e9e en acier inoxydable de haute qualit\u00e9, cette bague est r\u00e9sistante \u00e0 l\u2019eau, ne noircit pas et conserve son \u00e9clat dans le temps. Son design \u00e9pur\u00e9 s\u2019accorde facilement avec toutes tes tenues, pour un look chic et tendance.<\/p>\n<p>D\u00e9tails:<\/p>\n<p>Mati\u00e8re : Acier inoxydable<\/p>\n<p>R\u00e9sistante \u00e0 l\u2019eau et \u00e0 l\u2019oxydation<\/p>\n<p>Hypoallerg\u00e9nique<\/p>\n<p>Durable et facile \u00e0 entretenir<\/p>\n<p>Style moderne et \u00e9l\u00e9gant<\/p>\n<p>Un bijou incontournable \u00e0 offrir ou \u00e0 s\u2019offrir<\/p>\n","protected":false},"excerpt":{"rendered":"<p>Bague en acier inoxydable Fabriqu\u00e9e en acier inoxydable de haute qualit\u00e9, cette bague est r\u00e9sistante \u00e0 l\u2019eau, ne noircit pas et conserve son \u00e9clat dans le temps. Son design \u00e9pur\u00e9 s\u2019accorde facilement avec toutes tes tenues, pour un look chic et tendance. D\u00e9tails: Mati\u00e8re : Acier inoxydable R\u00e9sistante \u00e0 l\u2019eau et \u00e0 l\u2019oxydation Hypoallerg\u00e9nique Durable [&hellip;]<\/p>\n","protected":false},"featured_media":1847,"comment_status":"open","ping_status":"closed","template":"","meta":[],"product_brand":[],"product_cat":[22],"product_tag":[],"class_list":{"0":"post-1852","1":"product","2":"type-product","3":"status-publish","4":"has-post-thumbnail","6":"product_cat-bagues","8":"first","9":"instock","10":"shipping-taxable","11":"purchasable","12":"product-type-simple"},"_links":{"self":[{"href":"https:\/\/bloom-officiel.com\/index.php?rest_route=\/wp\/v2\/product\/1852","targetHints":{"allow":["GET"]}}],"collection":[{"href":"https:\/\/bloom-officiel.com\/index.php?rest_route=\/wp\/v2\/product"}],"about":[{"href":"https:\/\/bloom-officiel.com\/index.php?rest_route=\/wp\/v2\/types\/product"}],"replies":[{"embeddable":true,"href":"https:\/\/bloom-officiel.com\/index.php?rest_route=%2Fwp%2Fv2%2Fcomments&post=1852"}],"wp:featuredmedia":[{"embeddable":true,"href":"https:\/\/bloom-officiel.com\/index.php?rest_route=\/wp\/v2\/media\/1847"}],"wp:attachment":[{"href":"https:\/\/bloom-officiel.com\/index.php?rest_route=%2Fwp%2Fv2%2Fmedia&parent=1852"}],"wp:term":[{"taxonomy":"product_brand","embeddable":true,"href":"https:\/\/bloom-officiel.com\/index.php?rest_route=%2Fwp%2Fv2%2Fproduct_brand&post=1852"},{"taxonomy":"product_cat","embeddable":true,"href":"https:\/\/bloom-officiel.com\/index.php?rest_route=%2Fwp%2Fv2%2Fproduct_cat&post=1852"},{"taxonomy":"product_tag","embeddable":true,"href":"https:\/\/bloom-officiel.com\/index.php?rest_route=%2Fwp%2Fv2%2Fproduct_tag&post=1852"}],"curies":[{"name":"wp","href":"https:\/\/api.w.org\/{rel}","templated":true}]}}