{"id":1851,"date":"2025-12-27T23:05:01","date_gmt":"2025-12-27T22:05:01","guid":{"rendered":"https:\/\/bloom-officiel.com\/?post_type=product&#038;p=1851"},"modified":"2026-01-12T13:58:14","modified_gmt":"2026-01-12T12:58:14","slug":"bague-2","status":"publish","type":"product","link":"https:\/\/bloom-officiel.com\/?product=bague-2","title":{"rendered":"Bague"},"content":{"rendered":"<p>Bague orn\u00e9e \u2013 Acier inoxydable dor\u00e9<\/p>\n<p>\u00c9l\u00e9gante et raffin\u00e9e, cette bague en acier inoxydable dor\u00e9 se distingue par son design travaill\u00e9 et ses d\u00e9licates pierres bleues qui apportent une touche pr\u00e9cieuse et lumineuse. Son style sophistiqu\u00e9, inspir\u00e9 des bijoux d\u2019exception, sublime la main avec caract\u00e8re et finesse. Con\u00e7ue pour durer, elle conserve son \u00e9clat au fil du temps et accompagne aussi bien les tenues du quotidien que les occasions sp\u00e9ciales.<\/p>\n<p>D\u00e9tails :<\/p>\n<p>Mat\u00e9riau : acier inoxydable (stainless steel)<\/p>\n<p>Finition : dor\u00e9e<\/p>\n<p>Ornement : pierres d\u00e9coratives bleues<\/p>\n<p>R\u00e9sistante \u00e0 l\u2019eau et \u00e0 l\u2019oxydation<\/p>\n<p>Hypoallerg\u00e9nique<\/p>\n<p>Style : luxe &amp;\u00a0\u00e9l\u00e9gant<\/p>\n","protected":false},"excerpt":{"rendered":"<p>Bague orn\u00e9e \u2013 Acier inoxydable dor\u00e9 \u00c9l\u00e9gante et raffin\u00e9e, cette bague en acier inoxydable dor\u00e9 se distingue par son design travaill\u00e9 et ses d\u00e9licates pierres bleues qui apportent une touche pr\u00e9cieuse et lumineuse. Son style sophistiqu\u00e9, inspir\u00e9 des bijoux d\u2019exception, sublime la main avec caract\u00e8re et finesse. Con\u00e7ue pour durer, elle conserve son \u00e9clat au [&hellip;]<\/p>\n","protected":false},"featured_media":1848,"comment_status":"open","ping_status":"closed","template":"","meta":[],"product_brand":[],"product_cat":[22],"product_tag":[],"class_list":{"0":"post-1851","1":"product","2":"type-product","3":"status-publish","4":"has-post-thumbnail","6":"product_cat-bagues","8":"first","9":"instock","10":"shipping-taxable","11":"purchasable","12":"product-type-simple"},"_links":{"self":[{"href":"https:\/\/bloom-officiel.com\/index.php?rest_route=\/wp\/v2\/product\/1851","targetHints":{"allow":["GET"]}}],"collection":[{"href":"https:\/\/bloom-officiel.com\/index.php?rest_route=\/wp\/v2\/product"}],"about":[{"href":"https:\/\/bloom-officiel.com\/index.php?rest_route=\/wp\/v2\/types\/product"}],"replies":[{"embeddable":true,"href":"https:\/\/bloom-officiel.com\/index.php?rest_route=%2Fwp%2Fv2%2Fcomments&post=1851"}],"wp:featuredmedia":[{"embeddable":true,"href":"https:\/\/bloom-officiel.com\/index.php?rest_route=\/wp\/v2\/media\/1848"}],"wp:attachment":[{"href":"https:\/\/bloom-officiel.com\/index.php?rest_route=%2Fwp%2Fv2%2Fmedia&parent=1851"}],"wp:term":[{"taxonomy":"product_brand","embeddable":true,"href":"https:\/\/bloom-officiel.com\/index.php?rest_route=%2Fwp%2Fv2%2Fproduct_brand&post=1851"},{"taxonomy":"product_cat","embeddable":true,"href":"https:\/\/bloom-officiel.com\/index.php?rest_route=%2Fwp%2Fv2%2Fproduct_cat&post=1851"},{"taxonomy":"product_tag","embeddable":true,"href":"https:\/\/bloom-officiel.com\/index.php?rest_route=%2Fwp%2Fv2%2Fproduct_tag&post=1851"}],"curies":[{"name":"wp","href":"https:\/\/api.w.org\/{rel}","templated":true}]}}