{"id":1850,"date":"2025-12-27T23:04:24","date_gmt":"2025-12-27T22:04:24","guid":{"rendered":"https:\/\/bloom-officiel.com\/?post_type=product&#038;p=1850"},"modified":"2026-01-12T14:00:59","modified_gmt":"2026-01-12T13:00:59","slug":"bague","status":"publish","type":"product","link":"https:\/\/bloom-officiel.com\/?product=bague","title":{"rendered":"Bague"},"content":{"rendered":"<p>Bague c\u0153ur dor\u00e9e<\/p>\n<p>Ajoute une touche de douceur et d\u2019\u00e9l\u00e9gance \u00e0 ton look avec cette bague au design c\u0153ur d\u00e9licatement sculpt\u00e9.<\/p>\n<p>D\u00e9tails :<\/p>\n<p>Mat\u00e9riau : acier inoxydable (stainless steel)<\/p>\n<p>Finition : dor\u00e9e brillante<\/p>\n<p>R\u00e9sistante \u00e0 l\u2019eau et \u00e0 l\u2019oxydation<\/p>\n<p>Hypoallerg\u00e9nique<\/p>\n<p>Style : luxe moderne<\/p>\n","protected":false},"excerpt":{"rendered":"<p>Bague c\u0153ur dor\u00e9e Ajoute une touche de douceur et d\u2019\u00e9l\u00e9gance \u00e0 ton look avec cette bague au design c\u0153ur d\u00e9licatement sculpt\u00e9. D\u00e9tails : Mat\u00e9riau : acier inoxydable (stainless steel) Finition : dor\u00e9e brillante R\u00e9sistante \u00e0 l\u2019eau et \u00e0 l\u2019oxydation Hypoallerg\u00e9nique Style : luxe moderne<\/p>\n","protected":false},"featured_media":1849,"comment_status":"open","ping_status":"closed","template":"","meta":[],"product_brand":[],"product_cat":[22],"product_tag":[],"class_list":{"0":"post-1850","1":"product","2":"type-product","3":"status-publish","4":"has-post-thumbnail","6":"product_cat-bagues","8":"first","9":"instock","10":"shipping-taxable","11":"purchasable","12":"product-type-simple"},"_links":{"self":[{"href":"https:\/\/bloom-officiel.com\/index.php?rest_route=\/wp\/v2\/product\/1850","targetHints":{"allow":["GET"]}}],"collection":[{"href":"https:\/\/bloom-officiel.com\/index.php?rest_route=\/wp\/v2\/product"}],"about":[{"href":"https:\/\/bloom-officiel.com\/index.php?rest_route=\/wp\/v2\/types\/product"}],"replies":[{"embeddable":true,"href":"https:\/\/bloom-officiel.com\/index.php?rest_route=%2Fwp%2Fv2%2Fcomments&post=1850"}],"wp:featuredmedia":[{"embeddable":true,"href":"https:\/\/bloom-officiel.com\/index.php?rest_route=\/wp\/v2\/media\/1849"}],"wp:attachment":[{"href":"https:\/\/bloom-officiel.com\/index.php?rest_route=%2Fwp%2Fv2%2Fmedia&parent=1850"}],"wp:term":[{"taxonomy":"product_brand","embeddable":true,"href":"https:\/\/bloom-officiel.com\/index.php?rest_route=%2Fwp%2Fv2%2Fproduct_brand&post=1850"},{"taxonomy":"product_cat","embeddable":true,"href":"https:\/\/bloom-officiel.com\/index.php?rest_route=%2Fwp%2Fv2%2Fproduct_cat&post=1850"},{"taxonomy":"product_tag","embeddable":true,"href":"https:\/\/bloom-officiel.com\/index.php?rest_route=%2Fwp%2Fv2%2Fproduct_tag&post=1850"}],"curies":[{"name":"wp","href":"https:\/\/api.w.org\/{rel}","templated":true}]}}