{"id":1838,"date":"2025-12-27T22:19:41","date_gmt":"2025-12-27T21:19:41","guid":{"rendered":"https:\/\/bloom-officiel.com\/?post_type=product&#038;p=1838"},"modified":"2026-01-12T14:05:32","modified_gmt":"2026-01-12T13:05:32","slug":"boucles-purete","status":"publish","type":"product","link":"https:\/\/bloom-officiel.com\/?product=boucles-purete","title":{"rendered":"Boucles Puret\u00e9"},"content":{"rendered":"<p data-start=\"86\" data-end=\"333\">Boucles Puret\u00e9\u00a0<br data-start=\"129\" data-end=\"132\" \/>\u00c9l\u00e9gantes et intemporelles, ces boucles d\u2019oreilles en forme de c\u0153ur incarnent le raffinement d\u00e9licat. Leur contour dor\u00e9 lumineux sublime un centre nacr\u00e9, pour un bijou chic et f\u00e9minin au charme subtil.<\/p>\n<p data-start=\"335\" data-end=\"504\">Mati\u00e8re : Acier inoxydable premium<br data-start=\"373\" data-end=\"376\" \/>Couleur : Dor\u00e9 &amp; blanc nacr\u00e9<br data-start=\"408\" data-end=\"411\" \/>Style : Luxe minimaliste, romantique<br data-start=\"451\" data-end=\"454\" data-is-only-node=\"\" \/>Finition : Lisse, brillante, d\u00e9tails soign\u00e9s<\/p>\n<p data-start=\"506\" data-end=\"572\">\u2728 Un bijou raffin\u00e9, id\u00e9al pour illuminer vos tenues avec \u00e9l\u00e9gance.<\/p>\n","protected":false},"excerpt":{"rendered":"<p>Boucles Puret\u00e9\u00a0\u00c9l\u00e9gantes et intemporelles, ces boucles d\u2019oreilles en forme de c\u0153ur incarnent le raffinement d\u00e9licat. Leur contour dor\u00e9 lumineux sublime un centre nacr\u00e9, pour un bijou chic et f\u00e9minin au charme subtil. Mati\u00e8re : Acier inoxydable premiumCouleur : Dor\u00e9 &amp; blanc nacr\u00e9Style : Luxe minimaliste, romantiqueFinition : Lisse, brillante, d\u00e9tails soign\u00e9s \u2728 Un bijou raffin\u00e9, [&hellip;]<\/p>\n","protected":false},"featured_media":1820,"comment_status":"open","ping_status":"closed","template":"","meta":[],"product_brand":[],"product_cat":[20],"product_tag":[],"class_list":{"0":"post-1838","1":"product","2":"type-product","3":"status-publish","4":"has-post-thumbnail","6":"product_cat-boucles","8":"first","9":"instock","10":"sale","11":"shipping-taxable","12":"purchasable","13":"product-type-simple"},"_links":{"self":[{"href":"https:\/\/bloom-officiel.com\/index.php?rest_route=\/wp\/v2\/product\/1838","targetHints":{"allow":["GET"]}}],"collection":[{"href":"https:\/\/bloom-officiel.com\/index.php?rest_route=\/wp\/v2\/product"}],"about":[{"href":"https:\/\/bloom-officiel.com\/index.php?rest_route=\/wp\/v2\/types\/product"}],"replies":[{"embeddable":true,"href":"https:\/\/bloom-officiel.com\/index.php?rest_route=%2Fwp%2Fv2%2Fcomments&post=1838"}],"wp:featuredmedia":[{"embeddable":true,"href":"https:\/\/bloom-officiel.com\/index.php?rest_route=\/wp\/v2\/media\/1820"}],"wp:attachment":[{"href":"https:\/\/bloom-officiel.com\/index.php?rest_route=%2Fwp%2Fv2%2Fmedia&parent=1838"}],"wp:term":[{"taxonomy":"product_brand","embeddable":true,"href":"https:\/\/bloom-officiel.com\/index.php?rest_route=%2Fwp%2Fv2%2Fproduct_brand&post=1838"},{"taxonomy":"product_cat","embeddable":true,"href":"https:\/\/bloom-officiel.com\/index.php?rest_route=%2Fwp%2Fv2%2Fproduct_cat&post=1838"},{"taxonomy":"product_tag","embeddable":true,"href":"https:\/\/bloom-officiel.com\/index.php?rest_route=%2Fwp%2Fv2%2Fproduct_tag&post=1838"}],"curies":[{"name":"wp","href":"https:\/\/api.w.org\/{rel}","templated":true}]}}