{"id":1833,"date":"2025-12-27T21:33:26","date_gmt":"2025-12-27T20:33:26","guid":{"rendered":"https:\/\/bloom-officiel.com\/?post_type=product&#038;p=1833"},"modified":"2026-01-06T11:28:27","modified_gmt":"2026-01-06T10:28:27","slug":"boucles-goutte-deau","status":"publish","type":"product","link":"https:\/\/bloom-officiel.com\/?product=boucles-goutte-deau","title":{"rendered":"Boucles \u00ab\u00a0goutte d&rsquo;eau\u00a0\u00bb"},"content":{"rendered":"<p data-start=\"123\" data-end=\"356\">Boucles d\u2019oreilles au design \u00e9pur\u00e9 en forme de goutte, symbole de douceur et de f\u00e9minit\u00e9.<\/p>\n<p data-start=\"358\" data-end=\"373\">D\u00e9tails :<\/p>\n<ul>\n<li>Mati\u00e8re : Acier inoxydable<\/li>\n<\/ul>\n<ul data-start=\"374\" data-end=\"618\">\n<li data-start=\"374\" data-end=\"419\">\n<p data-start=\"376\" data-end=\"419\">Style : Chic, minimaliste, intemporel<\/p>\n<\/li>\n<li data-start=\"455\" data-end=\"477\">\n<p data-start=\"457\" data-end=\"477\">Couleur : Dor\u00e9<\/p>\n<\/li>\n<li data-start=\"478\" data-end=\"515\">\n<p data-start=\"480\" data-end=\"515\">Finition : Brillante et lisse<\/p>\n<\/li>\n<li data-start=\"516\" data-end=\"538\">\n<p data-start=\"518\" data-end=\"538\">Forme : Goutte<\/p>\n<\/li>\n<\/ul>\n<p data-start=\"620\" data-end=\"725\">\u2728 <em data-start=\"622\" data-end=\"725\">Un bijou d\u00e9licat et raffin\u00e9, parfait pour un look \u00e9l\u00e9gant au quotidien ou lors d\u2019occasions sp\u00e9ciales.<\/em><\/p>\n","protected":false},"excerpt":{"rendered":"<p>Boucles d\u2019oreilles au design \u00e9pur\u00e9 en forme de goutte, symbole de douceur et de f\u00e9minit\u00e9. D\u00e9tails : Mati\u00e8re : Acier inoxydable Style : Chic, minimaliste, intemporel Couleur : Dor\u00e9 Finition : Brillante et lisse Forme : Goutte \u2728 Un bijou d\u00e9licat et raffin\u00e9, parfait pour un look \u00e9l\u00e9gant au quotidien ou lors d\u2019occasions sp\u00e9ciales.<\/p>\n","protected":false},"featured_media":1822,"comment_status":"open","ping_status":"closed","template":"","meta":[],"product_brand":[],"product_cat":[20],"product_tag":[],"class_list":{"0":"post-1833","1":"product","2":"type-product","3":"status-publish","4":"has-post-thumbnail","6":"product_cat-boucles","8":"first","9":"instock","10":"shipping-taxable","11":"purchasable","12":"product-type-simple"},"_links":{"self":[{"href":"https:\/\/bloom-officiel.com\/index.php?rest_route=\/wp\/v2\/product\/1833","targetHints":{"allow":["GET"]}}],"collection":[{"href":"https:\/\/bloom-officiel.com\/index.php?rest_route=\/wp\/v2\/product"}],"about":[{"href":"https:\/\/bloom-officiel.com\/index.php?rest_route=\/wp\/v2\/types\/product"}],"replies":[{"embeddable":true,"href":"https:\/\/bloom-officiel.com\/index.php?rest_route=%2Fwp%2Fv2%2Fcomments&post=1833"}],"wp:featuredmedia":[{"embeddable":true,"href":"https:\/\/bloom-officiel.com\/index.php?rest_route=\/wp\/v2\/media\/1822"}],"wp:attachment":[{"href":"https:\/\/bloom-officiel.com\/index.php?rest_route=%2Fwp%2Fv2%2Fmedia&parent=1833"}],"wp:term":[{"taxonomy":"product_brand","embeddable":true,"href":"https:\/\/bloom-officiel.com\/index.php?rest_route=%2Fwp%2Fv2%2Fproduct_brand&post=1833"},{"taxonomy":"product_cat","embeddable":true,"href":"https:\/\/bloom-officiel.com\/index.php?rest_route=%2Fwp%2Fv2%2Fproduct_cat&post=1833"},{"taxonomy":"product_tag","embeddable":true,"href":"https:\/\/bloom-officiel.com\/index.php?rest_route=%2Fwp%2Fv2%2Fproduct_tag&post=1833"}],"curies":[{"name":"wp","href":"https:\/\/api.w.org\/{rel}","templated":true}]}}