{"id":1827,"date":"2025-12-27T21:19:17","date_gmt":"2025-12-27T20:19:17","guid":{"rendered":"https:\/\/bloom-officiel.com\/?post_type=product&#038;p=1827"},"modified":"2026-01-12T14:39:31","modified_gmt":"2026-01-12T13:39:31","slug":"boucles-%f0%9f%8c%9f","status":"publish","type":"product","link":"https:\/\/bloom-officiel.com\/?product=boucles-%f0%9f%8c%9f","title":{"rendered":"Boucles  \ud83c\udf1f"},"content":{"rendered":"<p data-start=\"153\" data-end=\"382\">Boucles d\u2019oreilles au design inspir\u00e9 de l\u2019\u00e9toile de mer, alliant simplicit\u00e9 et \u00e9l\u00e9gance.<\/p>\n<p data-start=\"384\" data-end=\"399\">D\u00e9tails :<\/p>\n<ul data-start=\"400\" data-end=\"659\">\n<li>Mati\u00e8re : Acier inoxydable<\/li>\n<li data-start=\"400\" data-end=\"453\">\n<p data-start=\"402\" data-end=\"453\">Style : Chic, minimaliste, inspiration marine<\/p>\n<\/li>\n<li data-start=\"489\" data-end=\"511\">\n<p data-start=\"491\" data-end=\"511\">Couleur : Dor\u00e9<\/p>\n<\/li>\n<li data-start=\"512\" data-end=\"549\">\n<p data-start=\"514\" data-end=\"549\">Finition : Lisse et brillante<\/p>\n<\/li>\n<li data-start=\"550\" data-end=\"579\">\n<p data-start=\"552\" data-end=\"579\">Forme : \u00c9toile de mer<\/p>\n<\/li>\n<\/ul>\n","protected":false},"excerpt":{"rendered":"<p>Boucles d\u2019oreilles au design inspir\u00e9 de l\u2019\u00e9toile de mer, alliant simplicit\u00e9 et \u00e9l\u00e9gance. D\u00e9tails : Mati\u00e8re : Acier inoxydable Style : Chic, minimaliste, inspiration marine Couleur : Dor\u00e9 Finition : Lisse et brillante Forme : \u00c9toile de mer<\/p>\n","protected":false},"featured_media":1826,"comment_status":"open","ping_status":"closed","template":"","meta":[],"product_brand":[],"product_cat":[20],"product_tag":[],"class_list":{"0":"post-1827","1":"product","2":"type-product","3":"status-publish","4":"has-post-thumbnail","6":"product_cat-boucles","8":"first","9":"instock","10":"sale","11":"shipping-taxable","12":"purchasable","13":"product-type-simple"},"_links":{"self":[{"href":"https:\/\/bloom-officiel.com\/index.php?rest_route=\/wp\/v2\/product\/1827","targetHints":{"allow":["GET"]}}],"collection":[{"href":"https:\/\/bloom-officiel.com\/index.php?rest_route=\/wp\/v2\/product"}],"about":[{"href":"https:\/\/bloom-officiel.com\/index.php?rest_route=\/wp\/v2\/types\/product"}],"replies":[{"embeddable":true,"href":"https:\/\/bloom-officiel.com\/index.php?rest_route=%2Fwp%2Fv2%2Fcomments&post=1827"}],"wp:featuredmedia":[{"embeddable":true,"href":"https:\/\/bloom-officiel.com\/index.php?rest_route=\/wp\/v2\/media\/1826"}],"wp:attachment":[{"href":"https:\/\/bloom-officiel.com\/index.php?rest_route=%2Fwp%2Fv2%2Fmedia&parent=1827"}],"wp:term":[{"taxonomy":"product_brand","embeddable":true,"href":"https:\/\/bloom-officiel.com\/index.php?rest_route=%2Fwp%2Fv2%2Fproduct_brand&post=1827"},{"taxonomy":"product_cat","embeddable":true,"href":"https:\/\/bloom-officiel.com\/index.php?rest_route=%2Fwp%2Fv2%2Fproduct_cat&post=1827"},{"taxonomy":"product_tag","embeddable":true,"href":"https:\/\/bloom-officiel.com\/index.php?rest_route=%2Fwp%2Fv2%2Fproduct_tag&post=1827"}],"curies":[{"name":"wp","href":"https:\/\/api.w.org\/{rel}","templated":true}]}}